{"id":24655,"date":"2022-07-14T10:10:13","date_gmt":"2022-07-14T14:10:13","guid":{"rendered":"https:\/\/www.munimacul.cl\/portalnv\/?page_id=24655"},"modified":"2025-09-22T16:01:06","modified_gmt":"2025-09-22T19:01:06","slug":"convenio-gas","status":"publish","type":"page","link":"https:\/\/www.munimacul.cl\/portalnv\/index.php\/convenio-gas\/","title":{"rendered":"Convenio Gas"},"content":{"rendered":"\t\t<div data-elementor-type=\"wp-page\" data-elementor-id=\"24655\" class=\"elementor elementor-24655\" data-elementor-post-type=\"page\">\n\t\t\t\t\t\t<section class=\"has_eae_slider elementor-section elementor-top-section elementor-element elementor-element-b9038b1 elementor-section-boxed elementor-section-height-default elementor-section-height-default\" data-eae-slider=\"30111\" data-id=\"b9038b1\" data-element_type=\"section\" data-e-type=\"section\">\n\t\t\t\t\t\t<div class=\"elementor-container elementor-column-gap-default\">\n\t\t\t\t\t<div class=\"has_eae_slider elementor-column elementor-col-100 elementor-top-column elementor-element elementor-element-10704a7\" data-eae-slider=\"23007\" data-id=\"10704a7\" data-element_type=\"column\" data-e-type=\"column\">\n\t\t\t<div class=\"elementor-widget-wrap elementor-element-populated\">\n\t\t\t\t\t\t<div class=\"elementor-element elementor-element-1abb08f elementor-hidden-mobile elementor-widget elementor-widget-image\" data-id=\"1abb08f\" data-element_type=\"widget\" data-e-type=\"widget\" data-widget_type=\"image.default\">\n\t\t\t\t<div class=\"elementor-widget-container\">\n\t\t\t\t\t\t\t\t\t\t\t\t\t\t\t<img loading=\"lazy\" decoding=\"async\" width=\"2560\" height=\"338\" src=\"https:\/\/www.munimacul.cl\/portalnv\/wp-content\/uploads\/2022\/07\/BANNER-CONVENIO-GAS-FINAL-scaled.jpg\" class=\"attachment-full size-full wp-image-24838\" alt=\"\" srcset=\"https:\/\/www.munimacul.cl\/portalnv\/wp-content\/uploads\/2022\/07\/BANNER-CONVENIO-GAS-FINAL-scaled.jpg 2560w, https:\/\/www.munimacul.cl\/portalnv\/wp-content\/uploads\/2022\/07\/BANNER-CONVENIO-GAS-FINAL-300x40.jpg 300w, https:\/\/www.munimacul.cl\/portalnv\/wp-content\/uploads\/2022\/07\/BANNER-CONVENIO-GAS-FINAL-1024x135.jpg 1024w, https:\/\/www.munimacul.cl\/portalnv\/wp-content\/uploads\/2022\/07\/BANNER-CONVENIO-GAS-FINAL-768x102.jpg 768w, https:\/\/www.munimacul.cl\/portalnv\/wp-content\/uploads\/2022\/07\/BANNER-CONVENIO-GAS-FINAL-1536x203.jpg 1536w, https:\/\/www.munimacul.cl\/portalnv\/wp-content\/uploads\/2022\/07\/BANNER-CONVENIO-GAS-FINAL-2048x271.jpg 2048w\" sizes=\"auto, (max-width: 2560px) 100vw, 2560px\" \/>\t\t\t\t\t\t\t\t\t\t\t\t\t\t\t<\/div>\n\t\t\t\t<\/div>\n\t\t\t\t\t<\/div>\n\t\t<\/div>\n\t\t\t\t\t<\/div>\n\t\t<\/section>\n\t\t\t\t<section class=\"has_eae_slider elementor-section elementor-top-section elementor-element elementor-element-0b8d57b elementor-section-boxed elementor-section-height-default elementor-section-height-default\" data-eae-slider=\"28225\" data-id=\"0b8d57b\" data-element_type=\"section\" data-e-type=\"section\">\n\t\t\t\t\t\t<div class=\"elementor-container elementor-column-gap-default\">\n\t\t\t\t\t<div class=\"has_eae_slider elementor-column elementor-col-100 elementor-top-column elementor-element elementor-element-3bb6bc8\" data-eae-slider=\"18616\" data-id=\"3bb6bc8\" data-element_type=\"column\" data-e-type=\"column\">\n\t\t\t<div class=\"elementor-widget-wrap elementor-element-populated\">\n\t\t\t\t\t\t<div class=\"elementor-element elementor-element-020e170 elementor-hidden-desktop elementor-hidden-tablet elementor-widget elementor-widget-image\" data-id=\"020e170\" data-element_type=\"widget\" data-e-type=\"widget\" data-widget_type=\"image.default\">\n\t\t\t\t<div class=\"elementor-widget-container\">\n\t\t\t\t\t\t\t\t\t\t\t\t\t\t\t<img loading=\"lazy\" decoding=\"async\" width=\"2560\" height=\"2560\" src=\"https:\/\/www.munimacul.cl\/portalnv\/wp-content\/uploads\/2022\/07\/POST-CONVENIO-GAS-scaled.jpg\" class=\"attachment-full size-full wp-image-24842\" alt=\"\" srcset=\"https:\/\/www.munimacul.cl\/portalnv\/wp-content\/uploads\/2022\/07\/POST-CONVENIO-GAS-scaled.jpg 2560w, https:\/\/www.munimacul.cl\/portalnv\/wp-content\/uploads\/2022\/07\/POST-CONVENIO-GAS-300x300.jpg 300w, https:\/\/www.munimacul.cl\/portalnv\/wp-content\/uploads\/2022\/07\/POST-CONVENIO-GAS-1024x1024.jpg 1024w, https:\/\/www.munimacul.cl\/portalnv\/wp-content\/uploads\/2022\/07\/POST-CONVENIO-GAS-150x150.jpg 150w, https:\/\/www.munimacul.cl\/portalnv\/wp-content\/uploads\/2022\/07\/POST-CONVENIO-GAS-768x768.jpg 768w, https:\/\/www.munimacul.cl\/portalnv\/wp-content\/uploads\/2022\/07\/POST-CONVENIO-GAS-1536x1536.jpg 1536w, https:\/\/www.munimacul.cl\/portalnv\/wp-content\/uploads\/2022\/07\/POST-CONVENIO-GAS-2048x2048.jpg 2048w\" sizes=\"auto, (max-width: 2560px) 100vw, 2560px\" \/>\t\t\t\t\t\t\t\t\t\t\t\t\t\t\t<\/div>\n\t\t\t\t<\/div>\n\t\t\t\t\t<\/div>\n\t\t<\/div>\n\t\t\t\t\t<\/div>\n\t\t<\/section>\n\t\t\t\t<section class=\"has_eae_slider elementor-section elementor-top-section elementor-element elementor-element-b0c0f9d elementor-section-boxed elementor-section-height-default elementor-section-height-default\" data-eae-slider=\"97428\" data-id=\"b0c0f9d\" data-element_type=\"section\" data-e-type=\"section\" data-settings=\"{&quot;background_background&quot;:&quot;classic&quot;}\">\n\t\t\t\t\t\t<div class=\"elementor-container elementor-column-gap-default\">\n\t\t\t\t\t<div class=\"has_eae_slider elementor-column elementor-col-100 elementor-top-column elementor-element elementor-element-4c8e9f4\" data-eae-slider=\"13324\" data-id=\"4c8e9f4\" data-element_type=\"column\" data-e-type=\"column\" data-settings=\"{&quot;background_background&quot;:&quot;classic&quot;}\">\n\t\t\t<div class=\"elementor-widget-wrap elementor-element-populated\">\n\t\t\t\t\t\t<div class=\"elementor-element elementor-element-fadf90f elementor-widget elementor-widget-heading\" data-id=\"fadf90f\" data-element_type=\"widget\" data-e-type=\"widget\" data-widget_type=\"heading.default\">\n\t\t\t\t<div class=\"elementor-widget-container\">\n\t\t\t\t\t<h2 class=\"elementor-heading-title elementor-size-default\">CONVENIO PARA LA COMPRA DE GAS LICUADO<\/h2>\t\t\t\t<\/div>\n\t\t\t\t<\/div>\n\t\t\t\t\t<\/div>\n\t\t<\/div>\n\t\t\t\t\t<\/div>\n\t\t<\/section>\n\t\t\t\t<section class=\"has_eae_slider elementor-section elementor-top-section elementor-element elementor-element-11ad746 elementor-section-boxed elementor-section-height-default elementor-section-height-default\" data-eae-slider=\"91120\" data-id=\"11ad746\" data-element_type=\"section\" data-e-type=\"section\" data-settings=\"{&quot;background_background&quot;:&quot;classic&quot;}\">\n\t\t\t\t\t\t<div class=\"elementor-container elementor-column-gap-default\">\n\t\t\t\t\t<div class=\"has_eae_slider elementor-column elementor-col-100 elementor-top-column elementor-element elementor-element-973e98e\" data-eae-slider=\"79977\" data-id=\"973e98e\" data-element_type=\"column\" data-e-type=\"column\">\n\t\t\t<div class=\"elementor-widget-wrap elementor-element-populated\">\n\t\t\t\t\t\t<div class=\"elementor-element elementor-element-9a67725 elementor-widget elementor-widget-text-editor\" data-id=\"9a67725\" data-element_type=\"widget\" data-e-type=\"widget\" data-widget_type=\"text-editor.default\">\n\t\t\t\t<div class=\"elementor-widget-container\">\n\t\t\t\t\t\t\t\t\t<p>La Municipalidad de Macul ha suscrito un convenio de descuentos con la empresa <b><i>LIPIGAS<\/i><\/b>,\u00a0 para que nuestros vecinos y vecinas puedan acceder a este importante beneficio solamente deben inscribirse completando el formulario adjunto, y en un plazo de 48 horas podr\u00e1n realizar la compra en los distintos canales que la empresa ha dispuesto para ello, como por ejemplo la p\u00e1gina web, la aplicaci\u00f3n para tel\u00e9fonos m\u00f3viles o de manera presencial.<\/p>\t\t\t\t\t\t\t\t<\/div>\n\t\t\t\t<\/div>\n\t\t\t\t\t<\/div>\n\t\t<\/div>\n\t\t\t\t\t<\/div>\n\t\t<\/section>\n\t\t\t\t<section class=\"has_eae_slider elementor-section elementor-top-section elementor-element elementor-element-e02377f elementor-section-boxed elementor-section-height-default elementor-section-height-default\" data-eae-slider=\"59289\" data-id=\"e02377f\" data-element_type=\"section\" data-e-type=\"section\" data-settings=\"{&quot;background_background&quot;:&quot;classic&quot;}\">\n\t\t\t\t\t\t<div class=\"elementor-container elementor-column-gap-default\">\n\t\t\t\t\t<div class=\"has_eae_slider elementor-column elementor-col-100 elementor-top-column elementor-element elementor-element-8176df8\" data-eae-slider=\"18098\" data-id=\"8176df8\" data-element_type=\"column\" data-e-type=\"column\">\n\t\t\t<div class=\"elementor-widget-wrap elementor-element-populated\">\n\t\t\t\t\t\t<div class=\"elementor-element elementor-element-1accc49 elementor-widget elementor-widget-heading\" data-id=\"1accc49\" data-element_type=\"widget\" data-e-type=\"widget\" data-widget_type=\"heading.default\">\n\t\t\t\t<div class=\"elementor-widget-container\">\n\t\t\t\t\t<h2 class=\"elementor-heading-title elementor-size-default\">CANALES DE COMPRA<\/h2>\t\t\t\t<\/div>\n\t\t\t\t<\/div>\n\t\t\t\t<section class=\"has_eae_slider elementor-section elementor-inner-section elementor-element elementor-element-da4b01a elementor-section-boxed elementor-section-height-default elementor-section-height-default\" data-eae-slider=\"41248\" data-id=\"da4b01a\" data-element_type=\"section\" data-e-type=\"section\">\n\t\t\t\t\t\t<div class=\"elementor-container elementor-column-gap-default\">\n\t\t\t\t\t<div class=\"has_eae_slider elementor-column elementor-col-50 elementor-inner-column elementor-element elementor-element-f13d25c\" data-eae-slider=\"2666\" data-id=\"f13d25c\" data-element_type=\"column\" data-e-type=\"column\">\n\t\t\t<div class=\"elementor-widget-wrap elementor-element-populated\">\n\t\t\t\t\t\t<div class=\"elementor-element elementor-element-936f36d elementor-widget elementor-widget-text-editor\" data-id=\"936f36d\" data-element_type=\"widget\" data-e-type=\"widget\" data-widget_type=\"text-editor.default\">\n\t\t\t\t<div class=\"elementor-widget-container\">\n\t\t\t\t\t\t\t\t\t<ul>\n<li>Callcenter&nbsp;<br><b>600-600-6200<\/b><\/li>\n<li>Puntos <br><span style=\"color: #0000ff;\"><b><a style=\"color: #0000ff;\" href=\"https:\/\/lipigas.cl\/lipivecino\/\">Lipivecino<\/a><\/b><\/span><\/li>\n<li>P\u00e1gina web&nbsp;<br><span style=\"font-weight: bold; color: #0000ff;\"><a style=\"color: #0000ff;\" href=\"http:\/\/www.lipigas.cl\/\">www.lipigas.cl<\/a><\/span><\/li>\n<li>Aplicaci\u00f3n m\u00f3vil&nbsp;<br><b>Lipi App<\/b>&nbsp;<\/li>\n<\/ul>\t\t\t\t\t\t\t\t<\/div>\n\t\t\t\t<\/div>\n\t\t\t\t\t<\/div>\n\t\t<\/div>\n\t\t\t\t<div class=\"has_eae_slider elementor-column elementor-col-50 elementor-inner-column elementor-element elementor-element-bb4dbf7\" data-eae-slider=\"98232\" data-id=\"bb4dbf7\" data-element_type=\"column\" data-e-type=\"column\">\n\t\t\t<div class=\"elementor-widget-wrap elementor-element-populated\">\n\t\t\t\t\t\t<div class=\"elementor-element elementor-element-bf2601c elementor-widget elementor-widget-text-editor\" data-id=\"bf2601c\" data-element_type=\"widget\" data-e-type=\"widget\" data-widget_type=\"text-editor.default\">\n\t\t\t\t<div class=\"elementor-widget-container\">\n\t\t\t\t\t\t\t\t\t<div><span style=\"color: var( --e-global-color-text );\">El descuento no es acumulable con otras promociones de precios actuales o futuras que ofrezca Lipigas; y solo puede ser utilizado por hasta <\/span><span style=\"color: var( --e-global-color-text );\"><i style=\"\"><b>2 veces al mes<\/b><\/i><\/span><span style=\"color: var( --e-global-color-text );\">, con un m\u00e1ximo de <\/span><b><i><span style=\"color: var( --e-global-color-text );\">2 pedidos por compra por<\/span> <span style=\"color: var( --e-global-color-text );\">cada vecino\/a<\/span><\/i><\/b><span style=\"color: var( --e-global-color-text );\"> (beneficiario\/a).<\/span><\/div>\t\t\t\t\t\t\t\t<\/div>\n\t\t\t\t<\/div>\n\t\t\t\t\t<\/div>\n\t\t<\/div>\n\t\t\t\t\t<\/div>\n\t\t<\/section>\n\t\t\t\t<section class=\"has_eae_slider elementor-section elementor-inner-section elementor-element elementor-element-6d8b5fa elementor-hidden-mobile elementor-section-boxed elementor-section-height-default elementor-section-height-default\" data-eae-slider=\"85568\" data-id=\"6d8b5fa\" data-element_type=\"section\" data-e-type=\"section\" data-settings=\"{&quot;background_background&quot;:&quot;classic&quot;}\">\n\t\t\t\t\t\t<div class=\"elementor-container elementor-column-gap-default\">\n\t\t\t\t\t<div class=\"has_eae_slider elementor-column elementor-col-50 elementor-inner-column elementor-element elementor-element-b6519e4 elementor-hidden-mobile\" data-eae-slider=\"86324\" data-id=\"b6519e4\" data-element_type=\"column\" data-e-type=\"column\" data-settings=\"{&quot;background_background&quot;:&quot;classic&quot;}\">\n\t\t\t<div class=\"elementor-widget-wrap elementor-element-populated\">\n\t\t\t\t\t\t<div class=\"elementor-element elementor-element-d05c241 elementor-widget elementor-widget-heading\" data-id=\"d05c241\" data-element_type=\"widget\" data-e-type=\"widget\" data-widget_type=\"heading.default\">\n\t\t\t\t<div class=\"elementor-widget-container\">\n\t\t\t\t\t<h2 class=\"elementor-heading-title elementor-size-default\">TAMA\u00d1O DE CILINDRO<\/h2>\t\t\t\t<\/div>\n\t\t\t\t<\/div>\n\t\t\t\t\t<\/div>\n\t\t<\/div>\n\t\t\t\t<div class=\"has_eae_slider elementor-column elementor-col-50 elementor-inner-column elementor-element elementor-element-6d893c1 elementor-hidden-mobile\" data-eae-slider=\"26122\" data-id=\"6d893c1\" data-element_type=\"column\" data-e-type=\"column\" data-settings=\"{&quot;background_background&quot;:&quot;classic&quot;}\">\n\t\t\t<div class=\"elementor-widget-wrap elementor-element-populated\">\n\t\t\t\t\t\t<div class=\"elementor-element elementor-element-9cbbe04 elementor-widget elementor-widget-heading\" data-id=\"9cbbe04\" data-element_type=\"widget\" data-e-type=\"widget\" data-widget_type=\"heading.default\">\n\t\t\t\t<div class=\"elementor-widget-container\">\n\t\t\t\t\t<h2 class=\"elementor-heading-title elementor-size-default\">DESCUENTO<\/h2>\t\t\t\t<\/div>\n\t\t\t\t<\/div>\n\t\t\t\t\t<\/div>\n\t\t<\/div>\n\t\t\t\t\t<\/div>\n\t\t<\/section>\n\t\t\t\t<section class=\"has_eae_slider elementor-section elementor-inner-section elementor-element elementor-element-1545b1c elementor-hidden-mobile elementor-section-boxed elementor-section-height-default elementor-section-height-default\" data-eae-slider=\"42714\" data-id=\"1545b1c\" data-element_type=\"section\" data-e-type=\"section\" data-settings=\"{&quot;background_background&quot;:&quot;classic&quot;}\">\n\t\t\t\t\t\t<div class=\"elementor-container elementor-column-gap-default\">\n\t\t\t\t\t<div class=\"has_eae_slider elementor-column elementor-col-50 elementor-inner-column elementor-element elementor-element-e87d8cc\" data-eae-slider=\"5109\" data-id=\"e87d8cc\" data-element_type=\"column\" data-e-type=\"column\" data-settings=\"{&quot;background_background&quot;:&quot;classic&quot;}\">\n\t\t\t<div class=\"elementor-widget-wrap elementor-element-populated\">\n\t\t\t\t\t\t<div class=\"elementor-element elementor-element-1502d5d elementor-widget elementor-widget-heading\" data-id=\"1502d5d\" data-element_type=\"widget\" data-e-type=\"widget\" data-widget_type=\"heading.default\">\n\t\t\t\t<div class=\"elementor-widget-container\">\n\t\t\t\t\t<h2 class=\"elementor-heading-title elementor-size-default\">5 KILOS<\/h2>\t\t\t\t<\/div>\n\t\t\t\t<\/div>\n\t\t\t\t<div class=\"elementor-element elementor-element-a7e198b elementor-widget elementor-widget-heading\" data-id=\"a7e198b\" data-element_type=\"widget\" data-e-type=\"widget\" data-widget_type=\"heading.default\">\n\t\t\t\t<div class=\"elementor-widget-container\">\n\t\t\t\t\t<h2 class=\"elementor-heading-title elementor-size-default\">11 KILOS<\/h2>\t\t\t\t<\/div>\n\t\t\t\t<\/div>\n\t\t\t\t<div class=\"elementor-element elementor-element-30f7c10 elementor-widget elementor-widget-heading\" data-id=\"30f7c10\" data-element_type=\"widget\" data-e-type=\"widget\" data-widget_type=\"heading.default\">\n\t\t\t\t<div class=\"elementor-widget-container\">\n\t\t\t\t\t<h2 class=\"elementor-heading-title elementor-size-default\">15 KILOS<\/h2>\t\t\t\t<\/div>\n\t\t\t\t<\/div>\n\t\t\t\t<div class=\"elementor-element elementor-element-4a848db elementor-widget elementor-widget-heading\" data-id=\"4a848db\" data-element_type=\"widget\" data-e-type=\"widget\" data-widget_type=\"heading.default\">\n\t\t\t\t<div class=\"elementor-widget-container\">\n\t\t\t\t\t<h2 class=\"elementor-heading-title elementor-size-default\">45 KILOS<\/h2>\t\t\t\t<\/div>\n\t\t\t\t<\/div>\n\t\t\t\t\t<\/div>\n\t\t<\/div>\n\t\t\t\t<div class=\"has_eae_slider elementor-column elementor-col-50 elementor-inner-column elementor-element elementor-element-b36f4f9\" data-eae-slider=\"50443\" data-id=\"b36f4f9\" data-element_type=\"column\" data-e-type=\"column\" data-settings=\"{&quot;background_background&quot;:&quot;classic&quot;}\">\n\t\t\t<div class=\"elementor-widget-wrap elementor-element-populated\">\n\t\t\t\t\t\t<div class=\"elementor-element elementor-element-be6dca8 elementor-widget elementor-widget-heading\" data-id=\"be6dca8\" data-element_type=\"widget\" data-e-type=\"widget\" data-widget_type=\"heading.default\">\n\t\t\t\t<div class=\"elementor-widget-container\">\n\t\t\t\t\t<h2 class=\"elementor-heading-title elementor-size-default\">$2.000.-<\/h2>\t\t\t\t<\/div>\n\t\t\t\t<\/div>\n\t\t\t\t<div class=\"elementor-element elementor-element-3d5e9c6 elementor-widget elementor-widget-heading\" data-id=\"3d5e9c6\" data-element_type=\"widget\" data-e-type=\"widget\" data-widget_type=\"heading.default\">\n\t\t\t\t<div class=\"elementor-widget-container\">\n\t\t\t\t\t<h2 class=\"elementor-heading-title elementor-size-default\">$4.000.-<\/h2>\t\t\t\t<\/div>\n\t\t\t\t<\/div>\n\t\t\t\t<div class=\"elementor-element elementor-element-02b4f10 elementor-widget elementor-widget-heading\" data-id=\"02b4f10\" data-element_type=\"widget\" data-e-type=\"widget\" data-widget_type=\"heading.default\">\n\t\t\t\t<div class=\"elementor-widget-container\">\n\t\t\t\t\t<h2 class=\"elementor-heading-title elementor-size-default\">$4.000.-<\/h2>\t\t\t\t<\/div>\n\t\t\t\t<\/div>\n\t\t\t\t<div class=\"elementor-element elementor-element-7423709 elementor-widget elementor-widget-heading\" data-id=\"7423709\" data-element_type=\"widget\" data-e-type=\"widget\" data-widget_type=\"heading.default\">\n\t\t\t\t<div class=\"elementor-widget-container\">\n\t\t\t\t\t<h2 class=\"elementor-heading-title elementor-size-default\">$7.000.-<\/h2>\t\t\t\t<\/div>\n\t\t\t\t<\/div>\n\t\t\t\t\t<\/div>\n\t\t<\/div>\n\t\t\t\t\t<\/div>\n\t\t<\/section>\n\t\t\t\t<section class=\"has_eae_slider elementor-section elementor-inner-section elementor-element elementor-element-6a2f403 elementor-section-content-middle elementor-hidden-desktop elementor-hidden-tablet elementor-section-boxed elementor-section-height-default elementor-section-height-default\" data-eae-slider=\"8020\" data-id=\"6a2f403\" data-element_type=\"section\" data-e-type=\"section\">\n\t\t\t\t\t\t<div class=\"elementor-container elementor-column-gap-default\">\n\t\t\t\t\t<div class=\"has_eae_slider elementor-column elementor-col-100 elementor-inner-column elementor-element elementor-element-f71bc3d\" data-eae-slider=\"45959\" data-id=\"f71bc3d\" data-element_type=\"column\" data-e-type=\"column\" data-settings=\"{&quot;background_background&quot;:&quot;classic&quot;}\">\n\t\t\t<div class=\"elementor-widget-wrap elementor-element-populated\">\n\t\t\t\t\t\t<div class=\"elementor-element elementor-element-d412a09 elementor-widget elementor-widget-heading\" data-id=\"d412a09\" data-element_type=\"widget\" data-e-type=\"widget\" data-widget_type=\"heading.default\">\n\t\t\t\t<div class=\"elementor-widget-container\">\n\t\t\t\t\t<h2 class=\"elementor-heading-title elementor-size-default\">TAMA\u00d1O DE CILINDRO \/ DESCUENTO<\/h2>\t\t\t\t<\/div>\n\t\t\t\t<\/div>\n\t\t\t\t\t<\/div>\n\t\t<\/div>\n\t\t\t\t\t<\/div>\n\t\t<\/section>\n\t\t\t\t<section class=\"has_eae_slider elementor-section elementor-inner-section elementor-element elementor-element-3f462b0 elementor-hidden-desktop elementor-hidden-tablet elementor-section-boxed elementor-section-height-default elementor-section-height-default\" data-eae-slider=\"52662\" data-id=\"3f462b0\" data-element_type=\"section\" data-e-type=\"section\">\n\t\t\t\t\t\t<div class=\"elementor-container elementor-column-gap-default\">\n\t\t\t\t\t<div class=\"has_eae_slider elementor-column elementor-col-100 elementor-inner-column elementor-element elementor-element-a26b5f5\" data-eae-slider=\"54640\" data-id=\"a26b5f5\" data-element_type=\"column\" data-e-type=\"column\" data-settings=\"{&quot;background_background&quot;:&quot;classic&quot;}\">\n\t\t\t<div class=\"elementor-widget-wrap elementor-element-populated\">\n\t\t\t\t\t\t<div class=\"elementor-element elementor-element-83b6363 elementor-widget elementor-widget-heading\" data-id=\"83b6363\" data-element_type=\"widget\" data-e-type=\"widget\" data-widget_type=\"heading.default\">\n\t\t\t\t<div class=\"elementor-widget-container\">\n\t\t\t\t\t<h2 class=\"elementor-heading-title elementor-size-default\">5 KILOS     -     $2.000.-<\/h2>\t\t\t\t<\/div>\n\t\t\t\t<\/div>\n\t\t\t\t<div class=\"elementor-element elementor-element-9b01277 elementor-widget elementor-widget-heading\" data-id=\"9b01277\" data-element_type=\"widget\" data-e-type=\"widget\" data-widget_type=\"heading.default\">\n\t\t\t\t<div class=\"elementor-widget-container\">\n\t\t\t\t\t<h2 class=\"elementor-heading-title elementor-size-default\">11 KILOS     -     $4.000.-<\/h2>\t\t\t\t<\/div>\n\t\t\t\t<\/div>\n\t\t\t\t<div class=\"elementor-element elementor-element-86bd67e elementor-widget elementor-widget-heading\" data-id=\"86bd67e\" data-element_type=\"widget\" data-e-type=\"widget\" data-widget_type=\"heading.default\">\n\t\t\t\t<div class=\"elementor-widget-container\">\n\t\t\t\t\t<h2 class=\"elementor-heading-title elementor-size-default\">15 KILOS     -     $4.000.-<\/h2>\t\t\t\t<\/div>\n\t\t\t\t<\/div>\n\t\t\t\t<div class=\"elementor-element elementor-element-f96869a elementor-widget elementor-widget-heading\" data-id=\"f96869a\" data-element_type=\"widget\" data-e-type=\"widget\" data-widget_type=\"heading.default\">\n\t\t\t\t<div class=\"elementor-widget-container\">\n\t\t\t\t\t<h2 class=\"elementor-heading-title elementor-size-default\">45 KILOS     -     $7.000.-<\/h2>\t\t\t\t<\/div>\n\t\t\t\t<\/div>\n\t\t\t\t\t<\/div>\n\t\t<\/div>\n\t\t\t\t\t<\/div>\n\t\t<\/section>\n\t\t\t\t<div class=\"elementor-element elementor-element-da90aa9 elementor-widget elementor-widget-image\" data-id=\"da90aa9\" data-element_type=\"widget\" data-e-type=\"widget\" data-widget_type=\"image.default\">\n\t\t\t\t<div class=\"elementor-widget-container\">\n\t\t\t\t\t\t\t\t\t\t\t\t\t\t\t\t<a href=\"#elementor-action%3Aaction%3Dpopup%3Aopen%26settings%3DeyJpZCI6IjI0OTIxIiwidG9nZ2xlIjpmYWxzZX0%3D\">\n\t\t\t\t\t\t\t<img loading=\"lazy\" decoding=\"async\" width=\"1190\" height=\"176\" src=\"https:\/\/www.munimacul.cl\/portalnv\/wp-content\/uploads\/2022\/07\/Recurso-3@4x.png\" class=\"attachment-full size-full wp-image-24931\" alt=\"\" srcset=\"https:\/\/www.munimacul.cl\/portalnv\/wp-content\/uploads\/2022\/07\/Recurso-3@4x.png 1190w, https:\/\/www.munimacul.cl\/portalnv\/wp-content\/uploads\/2022\/07\/Recurso-3@4x-300x44.png 300w, https:\/\/www.munimacul.cl\/portalnv\/wp-content\/uploads\/2022\/07\/Recurso-3@4x-1024x151.png 1024w, https:\/\/www.munimacul.cl\/portalnv\/wp-content\/uploads\/2022\/07\/Recurso-3@4x-768x114.png 768w\" sizes=\"auto, (max-width: 1190px) 100vw, 1190px\" \/>\t\t\t\t\t\t\t\t<\/a>\n\t\t\t\t\t\t\t\t\t\t\t\t\t\t\t<\/div>\n\t\t\t\t<\/div>\n\t\t\t\t<div class=\"elementor-element elementor-element-96ca75b elementor-widget elementor-widget-html\" data-id=\"96ca75b\" data-element_type=\"widget\" data-e-type=\"widget\" data-widget_type=\"html.default\">\n\t\t\t\t<div class=\"elementor-widget-container\">\n\t\t\t\t\t<iframe loading=\"lazy\" src=\"https:\/\/docs.google.com\/forms\/d\/e\/1FAIpQLSdmNRPHOoWEtFmHhnugPiFLyj_dumnIrfMA5RqDzyeZBVf81w\/viewform?embedded=true\" width=\"640\" height=\"1650\" frameborder=\"0\" marginheight=\"0\" marginwidth=\"0\">Cargando\u2026<\/iframe>\t\t\t\t<\/div>\n\t\t\t\t<\/div>\n\t\t\t\t<div class=\"elementor-element elementor-element-a2f6cfb elementor-widget elementor-widget-text-editor\" data-id=\"a2f6cfb\" data-element_type=\"widget\" data-e-type=\"widget\" data-widget_type=\"text-editor.default\">\n\t\t\t\t<div class=\"elementor-widget-container\">\n\t\t\t\t\t\t\t\t\t<p>Sus datos se mantendr\u00e1n bajo estricta confidencialidad.<\/p>\t\t\t\t\t\t\t\t<\/div>\n\t\t\t\t<\/div>\n\t\t\t\t\t<\/div>\n\t\t<\/div>\n\t\t\t\t\t<\/div>\n\t\t<\/section>\n\t\t\t\t<\/div>\n\t\t","protected":false},"excerpt":{"rendered":"<p>CONVENIO PARA LA COMPRA DE GAS LICUADO La Municipalidad de Macul ha suscrito un convenio de descuentos con la empresa LIPIGAS,\u00a0 para que nuestros vecinos y vecinas puedan acceder a este importante beneficio solamente deben inscribirse completando el formulario adjunto, y en un plazo de 48 horas podr\u00e1n realizar la compra en los distintos canales &#8230; <\/p>\n<p class=\"read-more-container\"><a title=\"Convenio Gas\" class=\"read-more button\" href=\"https:\/\/www.munimacul.cl\/portalnv\/index.php\/convenio-gas\/#more-24655\" aria-label=\"Leer m\u00e1s sobre Convenio Gas\">Read more<\/a><\/p>\n","protected":false},"author":1,"featured_media":0,"parent":0,"menu_order":0,"comment_status":"closed","ping_status":"closed","template":"","meta":{"footnotes":""},"class_list":["post-24655","page","type-page","status-publish"],"_links":{"self":[{"href":"https:\/\/www.munimacul.cl\/portalnv\/index.php\/wp-json\/wp\/v2\/pages\/24655","targetHints":{"allow":["GET"]}}],"collection":[{"href":"https:\/\/www.munimacul.cl\/portalnv\/index.php\/wp-json\/wp\/v2\/pages"}],"about":[{"href":"https:\/\/www.munimacul.cl\/portalnv\/index.php\/wp-json\/wp\/v2\/types\/page"}],"author":[{"embeddable":true,"href":"https:\/\/www.munimacul.cl\/portalnv\/index.php\/wp-json\/wp\/v2\/users\/1"}],"replies":[{"embeddable":true,"href":"https:\/\/www.munimacul.cl\/portalnv\/index.php\/wp-json\/wp\/v2\/comments?post=24655"}],"version-history":[{"count":139,"href":"https:\/\/www.munimacul.cl\/portalnv\/index.php\/wp-json\/wp\/v2\/pages\/24655\/revisions"}],"predecessor-version":[{"id":43209,"href":"https:\/\/www.munimacul.cl\/portalnv\/index.php\/wp-json\/wp\/v2\/pages\/24655\/revisions\/43209"}],"wp:attachment":[{"href":"https:\/\/www.munimacul.cl\/portalnv\/index.php\/wp-json\/wp\/v2\/media?parent=24655"}],"curies":[{"name":"wp","href":"https:\/\/api.w.org\/{rel}","templated":true}]}}