{"id":29643,"date":"2023-02-27T13:11:49","date_gmt":"2023-02-27T16:11:49","guid":{"rendered":"https:\/\/www.munimacul.cl\/portalnv\/?page_id=29643"},"modified":"2025-09-23T15:47:42","modified_gmt":"2025-09-23T18:47:42","slug":"alcalde","status":"publish","type":"page","link":"https:\/\/www.munimacul.cl\/portalnv\/index.php\/alcalde\/","title":{"rendered":"Alcalde"},"content":{"rendered":"\t\t<div data-elementor-type=\"wp-post\" data-elementor-id=\"29643\" class=\"elementor elementor-29643\" data-elementor-post-type=\"page\">\n\t\t\t\t\t\t<section class=\"has_eae_slider elementor-section elementor-top-section elementor-element elementor-element-3a4c9f1 elementor-section-full_width elementor-section-stretched elementor-section-height-default elementor-section-height-default\" data-eae-slider=\"62639\" data-id=\"3a4c9f1\" data-element_type=\"section\" data-e-type=\"section\" data-settings=\"{&quot;background_background&quot;:&quot;classic&quot;,&quot;stretch_section&quot;:&quot;section-stretched&quot;}\">\n\t\t\t\t\t\t<div class=\"elementor-container elementor-column-gap-default\">\n\t\t\t\t\t<div class=\"has_eae_slider elementor-column elementor-col-33 elementor-top-column elementor-element elementor-element-5669918\" data-eae-slider=\"34334\" data-id=\"5669918\" data-element_type=\"column\" data-e-type=\"column\" data-settings=\"{&quot;background_background&quot;:&quot;classic&quot;}\">\n\t\t\t<div class=\"elementor-widget-wrap\">\n\t\t\t\t\t\t\t<\/div>\n\t\t<\/div>\n\t\t\t\t<div class=\"has_eae_slider elementor-column elementor-col-33 elementor-top-column elementor-element elementor-element-6ff4c89\" data-eae-slider=\"75181\" data-id=\"6ff4c89\" data-element_type=\"column\" data-e-type=\"column\" data-settings=\"{&quot;background_background&quot;:&quot;classic&quot;}\">\n\t\t\t<div class=\"elementor-widget-wrap elementor-element-populated\">\n\t\t\t\t\t\t<div class=\"elementor-element elementor-element-2e38c8f elementor-widget elementor-widget-heading\" data-id=\"2e38c8f\" data-element_type=\"widget\" data-e-type=\"widget\" data-widget_type=\"heading.default\">\n\t\t\t\t<div class=\"elementor-widget-container\">\n\t\t\t\t\t<h2 class=\"elementor-heading-title elementor-size-xl\">ALCALDE EDUARDO ESPINOZA GAETE<\/h2>\t\t\t\t<\/div>\n\t\t\t\t<\/div>\n\t\t\t\t\t<\/div>\n\t\t<\/div>\n\t\t\t\t<div class=\"has_eae_slider elementor-column elementor-col-33 elementor-top-column elementor-element elementor-element-bc8dfa9\" data-eae-slider=\"58508\" data-id=\"bc8dfa9\" data-element_type=\"column\" data-e-type=\"column\">\n\t\t\t<div class=\"elementor-widget-wrap\">\n\t\t\t\t\t\t\t<\/div>\n\t\t<\/div>\n\t\t\t\t\t<\/div>\n\t\t<\/section>\n\t\t\t\t<section class=\"has_eae_slider elementor-section elementor-top-section elementor-element elementor-element-cb53e3e elementor-section-full_width elementor-section-stretched elementor-section-height-default elementor-section-height-default\" data-eae-slider=\"33665\" data-id=\"cb53e3e\" data-element_type=\"section\" data-e-type=\"section\" data-settings=\"{&quot;stretch_section&quot;:&quot;section-stretched&quot;,&quot;background_background&quot;:&quot;classic&quot;}\">\n\t\t\t\t\t\t\t<div class=\"elementor-background-overlay\"><\/div>\n\t\t\t\t\t\t\t<div class=\"elementor-container elementor-column-gap-default\">\n\t\t\t\t\t<div class=\"has_eae_slider elementor-column elementor-col-33 elementor-top-column elementor-element elementor-element-32a4032\" data-eae-slider=\"97506\" data-id=\"32a4032\" data-element_type=\"column\" data-e-type=\"column\">\n\t\t\t<div class=\"elementor-widget-wrap\">\n\t\t\t\t\t\t\t<\/div>\n\t\t<\/div>\n\t\t\t\t<div class=\"has_eae_slider elementor-column elementor-col-33 elementor-top-column elementor-element elementor-element-bf358a8\" data-eae-slider=\"70739\" data-id=\"bf358a8\" data-element_type=\"column\" data-e-type=\"column\">\n\t\t\t<div class=\"elementor-widget-wrap elementor-element-populated\">\n\t\t\t\t\t\t<section class=\"has_eae_slider elementor-section elementor-inner-section elementor-element elementor-element-5ae00bf elementor-section-full_width elementor-section-height-default elementor-section-height-default\" data-eae-slider=\"64075\" data-id=\"5ae00bf\" data-element_type=\"section\" data-e-type=\"section\">\n\t\t\t\t\t\t\t<div class=\"elementor-background-overlay\"><\/div>\n\t\t\t\t\t\t\t<div class=\"elementor-container elementor-column-gap-default\">\n\t\t\t\t\t<div class=\"has_eae_slider elementor-column elementor-col-50 elementor-inner-column elementor-element elementor-element-c94f8e1\" data-eae-slider=\"70512\" data-id=\"c94f8e1\" data-element_type=\"column\" data-e-type=\"column\">\n\t\t\t<div class=\"elementor-widget-wrap elementor-element-populated\">\n\t\t\t\t\t\t<div class=\"elementor-element elementor-element-654e1ea elementor-widget elementor-widget-image\" data-id=\"654e1ea\" data-element_type=\"widget\" data-e-type=\"widget\" data-widget_type=\"image.default\">\n\t\t\t\t<div class=\"elementor-widget-container\">\n\t\t\t\t\t\t\t\t\t\t\t\t\t\t\t<img loading=\"lazy\" decoding=\"async\" width=\"1707\" height=\"2560\" src=\"https:\/\/www.munimacul.cl\/portalnv\/wp-content\/uploads\/2025\/04\/Foto-Oficial-Alcalde-scaled.jpeg\" class=\"attachment-full size-full wp-image-41049\" alt=\"\" srcset=\"https:\/\/www.munimacul.cl\/portalnv\/wp-content\/uploads\/2025\/04\/Foto-Oficial-Alcalde-scaled.jpeg 1707w, https:\/\/www.munimacul.cl\/portalnv\/wp-content\/uploads\/2025\/04\/Foto-Oficial-Alcalde-200x300.jpeg 200w, https:\/\/www.munimacul.cl\/portalnv\/wp-content\/uploads\/2025\/04\/Foto-Oficial-Alcalde-683x1024.jpeg 683w, https:\/\/www.munimacul.cl\/portalnv\/wp-content\/uploads\/2025\/04\/Foto-Oficial-Alcalde-768x1152.jpeg 768w, https:\/\/www.munimacul.cl\/portalnv\/wp-content\/uploads\/2025\/04\/Foto-Oficial-Alcalde-1024x1536.jpeg 1024w, https:\/\/www.munimacul.cl\/portalnv\/wp-content\/uploads\/2025\/04\/Foto-Oficial-Alcalde-1365x2048.jpeg 1365w\" sizes=\"auto, (max-width: 1707px) 100vw, 1707px\" \/>\t\t\t\t\t\t\t\t\t\t\t\t\t\t\t<\/div>\n\t\t\t\t<\/div>\n\t\t\t\t<div class=\"elementor-element elementor-element-8a3a548 elementor-hidden-mobile elementor-widget elementor-widget-image\" data-id=\"8a3a548\" data-element_type=\"widget\" data-e-type=\"widget\" data-widget_type=\"image.default\">\n\t\t\t\t<div class=\"elementor-widget-container\">\n\t\t\t\t\t\t\t\t\t\t\t\t\t\t\t<img loading=\"lazy\" decoding=\"async\" width=\"900\" height=\"829\" src=\"https:\/\/www.munimacul.cl\/portalnv\/wp-content\/uploads\/2024\/12\/Familia-Alcalde.jpg\" class=\"attachment-full size-full wp-image-38761\" alt=\"\" srcset=\"https:\/\/www.munimacul.cl\/portalnv\/wp-content\/uploads\/2024\/12\/Familia-Alcalde.jpg 900w, https:\/\/www.munimacul.cl\/portalnv\/wp-content\/uploads\/2024\/12\/Familia-Alcalde-300x276.jpg 300w, https:\/\/www.munimacul.cl\/portalnv\/wp-content\/uploads\/2024\/12\/Familia-Alcalde-768x707.jpg 768w\" sizes=\"auto, (max-width: 900px) 100vw, 900px\" \/>\t\t\t\t\t\t\t\t\t\t\t\t\t\t\t<\/div>\n\t\t\t\t<\/div>\n\t\t\t\t\t<\/div>\n\t\t<\/div>\n\t\t\t\t<div class=\"has_eae_slider elementor-column elementor-col-50 elementor-inner-column elementor-element elementor-element-81e8f7e\" data-eae-slider=\"92286\" data-id=\"81e8f7e\" data-element_type=\"column\" data-e-type=\"column\">\n\t\t\t<div class=\"elementor-widget-wrap elementor-element-populated\">\n\t\t\t\t\t\t<div class=\"elementor-element elementor-element-312f0ff elementor-widget elementor-widget-text-editor\" data-id=\"312f0ff\" data-element_type=\"widget\" data-e-type=\"widget\" data-widget_type=\"text-editor.default\">\n\t\t\t\t<div class=\"elementor-widget-container\">\n\t\t\t\t\t\t\t\t\t<p><span style=\"color: #333333;\">Eduardo Ren\u00e9 Espinoza Gaete, Alcalde electo de Macul para el periodo 2024-2028, es casado con Paola desde hace 30 a\u00f1os, padre de 3 hijos, Camila, Renato y Sof\u00eda, y orgulloso abuelo de su nieto Nicol\u00e1s.\u00a0Se autodefine como dirigente social, deportista y cristiano. Estos conceptos est\u00e1n presentes en su rol social, el cual cultiva desde los albores de su vida, en la Villa Jaime Eyzaguirre, donde adem\u00e1s forj\u00f3 su fe y profunda uni\u00f3n con la Iglesia Cristiana, dado que sus padres Eduardo (QEPD) y Felisa, fueron pastores de la primera iglesia de esa comunidad. Fue su propio padre quien lo apoy\u00f3 y alent\u00f3 en su pasi\u00f3n por el deporte, que lo llev\u00f3 a cumplir uno de sus m\u00e1ximos sue\u00f1os, ser futbolista profesional.<\/span><\/p><p><span style=\"color: #333333;\">La trayectoria futbol\u00edstica de nuestro alcalde electo incluye su paso por varios equipos, como por ejemplo Cobreloa, y lleg\u00f3 a ser el capit\u00e1n del club Magallanes, para luego derivar a una carrera como entrenador de futuros valores del f\u00fatbol; paralelamente, se destac\u00f3 como figura constante del plantel de \u00abColo Colo de Todos Los Tiempos\u00bb, equipo conformado por los jugadores hist\u00f3ricos del elenco albo.\u00a0<\/span><\/p><p><span style=\"color: #333333;\">Este liderazgo tambi\u00e9n lo traslad\u00f3 a su labor como dirigente social, y a su rol como funcionario de la Municipalidad de Macul desde hace m\u00e1s de 30 a\u00f1os, ambas experiencias le entregaron las herramientas necesarias para que hoy pueda asumir el desaf\u00edo y la responsabilidad de ser nuestra m\u00e1xima autoridad comunal.<\/span><\/p><p><span style=\"color: #333333;\">Nuestro Alcalde fue electo con un total de 28.748 votos, que representan un 37,67% de los votos totales emitidos en la comuna.<\/span><\/p>\t\t\t\t\t\t\t\t<\/div>\n\t\t\t\t<\/div>\n\t\t\t\t<div class=\"elementor-element elementor-element-67aa7b6 elementor-hidden-desktop elementor-hidden-tablet elementor-widget elementor-widget-image\" data-id=\"67aa7b6\" data-element_type=\"widget\" data-e-type=\"widget\" data-widget_type=\"image.default\">\n\t\t\t\t<div class=\"elementor-widget-container\">\n\t\t\t\t\t\t\t\t\t\t\t\t\t\t\t<img loading=\"lazy\" decoding=\"async\" width=\"900\" height=\"829\" src=\"https:\/\/www.munimacul.cl\/portalnv\/wp-content\/uploads\/2024\/12\/Familia-Alcalde.jpg\" class=\"attachment-full size-full wp-image-38761\" alt=\"\" srcset=\"https:\/\/www.munimacul.cl\/portalnv\/wp-content\/uploads\/2024\/12\/Familia-Alcalde.jpg 900w, https:\/\/www.munimacul.cl\/portalnv\/wp-content\/uploads\/2024\/12\/Familia-Alcalde-300x276.jpg 300w, https:\/\/www.munimacul.cl\/portalnv\/wp-content\/uploads\/2024\/12\/Familia-Alcalde-768x707.jpg 768w\" sizes=\"auto, (max-width: 900px) 100vw, 900px\" \/>\t\t\t\t\t\t\t\t\t\t\t\t\t\t\t<\/div>\n\t\t\t\t<\/div>\n\t\t\t\t<div class=\"elementor-element elementor-element-43e3e60 elementor-widget elementor-widget-heading\" data-id=\"43e3e60\" data-element_type=\"widget\" data-e-type=\"widget\" data-widget_type=\"heading.default\">\n\t\t\t\t<div class=\"elementor-widget-container\">\n\t\t\t\t\t<h2 class=\"elementor-heading-title elementor-size-default\">#ComunaFamiliar<\/h2>\t\t\t\t<\/div>\n\t\t\t\t<\/div>\n\t\t\t\t\t<\/div>\n\t\t<\/div>\n\t\t\t\t\t<\/div>\n\t\t<\/section>\n\t\t\t\t\t<\/div>\n\t\t<\/div>\n\t\t\t\t<div class=\"has_eae_slider elementor-column elementor-col-33 elementor-top-column elementor-element elementor-element-e445f8b\" data-eae-slider=\"82570\" data-id=\"e445f8b\" data-element_type=\"column\" data-e-type=\"column\">\n\t\t\t<div class=\"elementor-widget-wrap\">\n\t\t\t\t\t\t\t<\/div>\n\t\t<\/div>\n\t\t\t\t\t<\/div>\n\t\t<\/section>\n\t\t\t\t<\/div>\n\t\t","protected":false},"excerpt":{"rendered":"<p>ALCALDE EDUARDO ESPINOZA GAETE Eduardo Ren\u00e9 Espinoza Gaete, Alcalde electo de Macul para el periodo 2024-2028, es casado con Paola desde hace 30 a\u00f1os, padre de 3 hijos, Camila, Renato y Sof\u00eda, y orgulloso abuelo de su nieto Nicol\u00e1s.\u00a0Se autodefine como dirigente social, deportista y cristiano. Estos conceptos est\u00e1n presentes en su rol social, el &#8230; <\/p>\n<p class=\"read-more-container\"><a title=\"Alcalde\" class=\"read-more button\" href=\"https:\/\/www.munimacul.cl\/portalnv\/index.php\/alcalde\/#more-29643\" aria-label=\"Leer m\u00e1s sobre Alcalde\">Read more<\/a><\/p>\n","protected":false},"author":1,"featured_media":0,"parent":0,"menu_order":0,"comment_status":"closed","ping_status":"closed","template":"","meta":{"footnotes":""},"class_list":["post-29643","page","type-page","status-publish"],"_links":{"self":[{"href":"https:\/\/www.munimacul.cl\/portalnv\/index.php\/wp-json\/wp\/v2\/pages\/29643","targetHints":{"allow":["GET"]}}],"collection":[{"href":"https:\/\/www.munimacul.cl\/portalnv\/index.php\/wp-json\/wp\/v2\/pages"}],"about":[{"href":"https:\/\/www.munimacul.cl\/portalnv\/index.php\/wp-json\/wp\/v2\/types\/page"}],"author":[{"embeddable":true,"href":"https:\/\/www.munimacul.cl\/portalnv\/index.php\/wp-json\/wp\/v2\/users\/1"}],"replies":[{"embeddable":true,"href":"https:\/\/www.munimacul.cl\/portalnv\/index.php\/wp-json\/wp\/v2\/comments?post=29643"}],"version-history":[{"count":197,"href":"https:\/\/www.munimacul.cl\/portalnv\/index.php\/wp-json\/wp\/v2\/pages\/29643\/revisions"}],"predecessor-version":[{"id":43283,"href":"https:\/\/www.munimacul.cl\/portalnv\/index.php\/wp-json\/wp\/v2\/pages\/29643\/revisions\/43283"}],"wp:attachment":[{"href":"https:\/\/www.munimacul.cl\/portalnv\/index.php\/wp-json\/wp\/v2\/media?parent=29643"}],"curies":[{"name":"wp","href":"https:\/\/api.w.org\/{rel}","templated":true}]}}