{"id":29707,"date":"2023-02-28T16:52:25","date_gmt":"2023-02-28T19:52:25","guid":{"rendered":"https:\/\/www.munimacul.cl\/portalnv\/?page_id=29707"},"modified":"2025-08-31T20:23:33","modified_gmt":"2025-09-01T00:23:33","slug":"castillo-consistorial-palacio-vasquez","status":"publish","type":"page","link":"https:\/\/www.munimacul.cl\/portalnv\/index.php\/castillo-consistorial-palacio-vasquez\/","title":{"rendered":"Castillo Consistorial Palacio V\u00e1squez"},"content":{"rendered":"\t\t<div data-elementor-type=\"wp-post\" data-elementor-id=\"29707\" class=\"elementor elementor-29707\" data-elementor-post-type=\"page\">\n\t\t\t\t\t\t<section class=\"has_eae_slider elementor-section elementor-top-section elementor-element elementor-element-d5e6424 elementor-section-full_width elementor-section-stretched elementor-section-height-default elementor-section-height-default\" data-eae-slider=\"72568\" data-id=\"d5e6424\" data-element_type=\"section\" data-e-type=\"section\" data-settings=\"{&quot;background_background&quot;:&quot;classic&quot;,&quot;stretch_section&quot;:&quot;section-stretched&quot;}\">\n\t\t\t\t\t\t<div class=\"elementor-container elementor-column-gap-default\">\n\t\t\t\t\t<div class=\"has_eae_slider elementor-column elementor-col-33 elementor-top-column elementor-element elementor-element-e014ec3\" data-eae-slider=\"92526\" data-id=\"e014ec3\" data-element_type=\"column\" data-e-type=\"column\">\n\t\t\t<div class=\"elementor-widget-wrap\">\n\t\t\t\t\t\t\t<\/div>\n\t\t<\/div>\n\t\t\t\t<div class=\"has_eae_slider elementor-column elementor-col-33 elementor-top-column elementor-element elementor-element-acd3f57\" data-eae-slider=\"55901\" data-id=\"acd3f57\" data-element_type=\"column\" data-e-type=\"column\">\n\t\t\t<div class=\"elementor-widget-wrap elementor-element-populated\">\n\t\t\t\t\t\t<div class=\"elementor-element elementor-element-09d622e elementor-widget elementor-widget-heading\" data-id=\"09d622e\" data-element_type=\"widget\" data-e-type=\"widget\" data-widget_type=\"heading.default\">\n\t\t\t\t<div class=\"elementor-widget-container\">\n\t\t\t\t\t<h2 class=\"elementor-heading-title elementor-size-default\">EDIFICIO CONSISTORIAL DE MACUL<br>EX CASA VASQUEZ<\/h2>\t\t\t\t<\/div>\n\t\t\t\t<\/div>\n\t\t\t\t\t<\/div>\n\t\t<\/div>\n\t\t\t\t<div class=\"has_eae_slider elementor-column elementor-col-33 elementor-top-column elementor-element elementor-element-c0332ed\" data-eae-slider=\"93739\" data-id=\"c0332ed\" data-element_type=\"column\" data-e-type=\"column\">\n\t\t\t<div class=\"elementor-widget-wrap\">\n\t\t\t\t\t\t\t<\/div>\n\t\t<\/div>\n\t\t\t\t\t<\/div>\n\t\t<\/section>\n\t\t\t\t<section class=\"has_eae_slider elementor-section elementor-top-section elementor-element elementor-element-f0a4887 elementor-section-full_width elementor-section-stretched elementor-section-height-default elementor-section-height-default\" data-eae-slider=\"92829\" data-id=\"f0a4887\" data-element_type=\"section\" data-e-type=\"section\" data-settings=\"{&quot;stretch_section&quot;:&quot;section-stretched&quot;,&quot;background_background&quot;:&quot;classic&quot;}\">\n\t\t\t\t\t\t\t<div class=\"elementor-background-overlay\"><\/div>\n\t\t\t\t\t\t\t<div class=\"elementor-container elementor-column-gap-default\">\n\t\t\t\t\t<div class=\"has_eae_slider elementor-column elementor-col-25 elementor-top-column elementor-element elementor-element-6a9b9e4\" data-eae-slider=\"12777\" data-id=\"6a9b9e4\" data-element_type=\"column\" data-e-type=\"column\">\n\t\t\t<div class=\"elementor-widget-wrap\">\n\t\t\t\t\t\t\t<\/div>\n\t\t<\/div>\n\t\t\t\t<div class=\"has_eae_slider elementor-column elementor-col-25 elementor-top-column elementor-element elementor-element-a9ed826\" data-eae-slider=\"59102\" data-id=\"a9ed826\" data-element_type=\"column\" data-e-type=\"column\" data-settings=\"{&quot;background_background&quot;:&quot;classic&quot;}\">\n\t\t\t<div class=\"elementor-widget-wrap elementor-element-populated\">\n\t\t\t\t\t\t<div class=\"elementor-element elementor-element-402b1b0 elementor-widget elementor-widget-image\" data-id=\"402b1b0\" data-element_type=\"widget\" data-e-type=\"widget\" data-widget_type=\"image.default\">\n\t\t\t\t<div class=\"elementor-widget-container\">\n\t\t\t\t\t\t\t\t\t\t\t\t\t\t\t<img loading=\"lazy\" decoding=\"async\" width=\"300\" height=\"300\" src=\"https:\/\/www.munimacul.cl\/portalnv\/wp-content\/uploads\/2023\/02\/accesiblidad-isa-300x300-1.png\" class=\"attachment-full size-full wp-image-29680\" alt=\"\" srcset=\"https:\/\/www.munimacul.cl\/portalnv\/wp-content\/uploads\/2023\/02\/accesiblidad-isa-300x300-1.png 300w, https:\/\/www.munimacul.cl\/portalnv\/wp-content\/uploads\/2023\/02\/accesiblidad-isa-300x300-1-150x150.png 150w\" sizes=\"auto, (max-width: 300px) 100vw, 300px\" \/>\t\t\t\t\t\t\t\t\t\t\t\t\t\t\t<\/div>\n\t\t\t\t<\/div>\n\t\t\t\t\t<\/div>\n\t\t<\/div>\n\t\t\t\t<div class=\"has_eae_slider elementor-column elementor-col-25 elementor-top-column elementor-element elementor-element-2ebad58\" data-eae-slider=\"3797\" data-id=\"2ebad58\" data-element_type=\"column\" data-e-type=\"column\" data-settings=\"{&quot;background_background&quot;:&quot;classic&quot;}\">\n\t\t\t<div class=\"elementor-widget-wrap\">\n\t\t\t\t\t\t\t<\/div>\n\t\t<\/div>\n\t\t\t\t<div class=\"has_eae_slider elementor-column elementor-col-25 elementor-top-column elementor-element elementor-element-063afb9\" data-eae-slider=\"92407\" data-id=\"063afb9\" data-element_type=\"column\" data-e-type=\"column\">\n\t\t\t<div class=\"elementor-widget-wrap\">\n\t\t\t\t\t\t\t<\/div>\n\t\t<\/div>\n\t\t\t\t\t<\/div>\n\t\t<\/section>\n\t\t\t\t<section class=\"has_eae_slider elementor-section elementor-top-section elementor-element elementor-element-30cecc2 elementor-section-full_width elementor-section-stretched elementor-section-height-default elementor-section-height-default\" data-eae-slider=\"1954\" data-id=\"30cecc2\" data-element_type=\"section\" data-e-type=\"section\" data-settings=\"{&quot;background_background&quot;:&quot;classic&quot;,&quot;stretch_section&quot;:&quot;section-stretched&quot;}\">\n\t\t\t\t\t\t\t<div class=\"elementor-background-overlay\"><\/div>\n\t\t\t\t\t\t\t<div class=\"elementor-container elementor-column-gap-no\">\n\t\t\t\t\t<div class=\"has_eae_slider elementor-column elementor-col-25 elementor-top-column elementor-element elementor-element-1ed746b\" data-eae-slider=\"9975\" data-id=\"1ed746b\" data-element_type=\"column\" data-e-type=\"column\">\n\t\t\t<div class=\"elementor-widget-wrap\">\n\t\t\t\t\t\t\t<\/div>\n\t\t<\/div>\n\t\t\t\t<div class=\"has_eae_slider elementor-column elementor-col-25 elementor-top-column elementor-element elementor-element-1742f67\" data-eae-slider=\"27352\" data-id=\"1742f67\" data-element_type=\"column\" data-e-type=\"column\" data-settings=\"{&quot;background_background&quot;:&quot;classic&quot;}\">\n\t\t\t<div class=\"elementor-widget-wrap elementor-element-populated\">\n\t\t\t\t\t\t<div class=\"elementor-element elementor-element-5783c0b elementor-widget elementor-widget-text-editor\" data-id=\"5783c0b\" data-element_type=\"widget\" data-e-type=\"widget\" data-widget_type=\"text-editor.default\">\n\t\t\t\t<div class=\"elementor-widget-container\">\n\t\t\t\t\t\t\t\t\t<p>El Edificio Consistorial de Macul, conocido simplemente como \u00abCastillo de Macul\u00bb es un edificio de 3 pisos m\u00e1s un mirador y z\u00f3calo ubicado en el centro de la comuna de Macul, en la esquina norponiente de las calles Los Pl\u00e1tanos y Avenida Macul. Actualmente funcionan all\u00ed diversas reparticiones municipales, y es el lugar de trabajo del Alcalde de Macul.<\/p><p>El edificio es, junto a un par de edificaciones m\u00e1s, uno de los \u00faltimos vestigios de las grandes casas quintas que conformaron la Avenida Macul, a comienzos del siglo XX, \u00e9poca en la cual se mezclaban la vida campestre con la llegada de aristocr\u00e1ticas familias que emigraban desde el centro de la ciudad, al sector oriente de Santiago.<\/p><p>El Palacio ha sido testigo privilegiado del desarrollo de la comuna de Macul, y forma parte importante del patrimonio comunal, siendo todo un referente a nivel local. el edificio es tambi\u00e9n, en m\u00e9rito de su inmenso valor arquitect\u00f3nico, cultural y social, Monumento Nacional desde el a\u00f1o 2009, nombramiento efectuado a trav\u00e9s del Decreto N\u00ba 148, del MINEDUC.<\/p>\t\t\t\t\t\t\t\t<\/div>\n\t\t\t\t<\/div>\n\t\t\t\t\t<\/div>\n\t\t<\/div>\n\t\t\t\t<div class=\"has_eae_slider elementor-column elementor-col-25 elementor-top-column elementor-element elementor-element-c7c19f0\" data-eae-slider=\"97916\" data-id=\"c7c19f0\" data-element_type=\"column\" data-e-type=\"column\">\n\t\t\t<div class=\"elementor-widget-wrap elementor-element-populated\">\n\t\t\t\t\t\t<div class=\"elementor-element elementor-element-31cd8c6 elementor-widget elementor-widget-video\" data-id=\"31cd8c6\" data-element_type=\"widget\" data-e-type=\"widget\" data-settings=\"{&quot;video_type&quot;:&quot;hosted&quot;,&quot;autoplay&quot;:&quot;yes&quot;,&quot;play_on_mobile&quot;:&quot;yes&quot;,&quot;mute&quot;:&quot;yes&quot;,&quot;loop&quot;:&quot;yes&quot;}\" data-widget_type=\"video.default\">\n\t\t\t\t<div class=\"elementor-widget-container\">\n\t\t\t\t\t\t\t<div class=\"e-hosted-video elementor-wrapper elementor-open-inline\">\n\t\t\t\t\t<video class=\"elementor-video\" src=\"https:\/\/www.munimacul.cl\/portalnv\/wp-content\/uploads\/2025\/08\/LOOP-CASTILLO-DETALLES-WEB.mp4\" autoplay=\"\" loop=\"\" muted=\"muted\" playsinline=\"\" controlsList=\"nodownload\"><\/video>\n\t\t\t\t<\/div>\n\t\t\t\t\t\t<\/div>\n\t\t\t\t<\/div>\n\t\t\t\t\t<\/div>\n\t\t<\/div>\n\t\t\t\t<div class=\"has_eae_slider elementor-column elementor-col-25 elementor-top-column elementor-element elementor-element-6633ef9\" data-eae-slider=\"78948\" data-id=\"6633ef9\" data-element_type=\"column\" data-e-type=\"column\">\n\t\t\t<div class=\"elementor-widget-wrap\">\n\t\t\t\t\t\t\t<\/div>\n\t\t<\/div>\n\t\t\t\t\t<\/div>\n\t\t<\/section>\n\t\t\t\t<section class=\"has_eae_slider elementor-section elementor-top-section elementor-element elementor-element-457cfae elementor-section-full_width elementor-section-stretched elementor-section-height-default elementor-section-height-default\" data-eae-slider=\"15273\" data-id=\"457cfae\" data-element_type=\"section\" data-e-type=\"section\" data-settings=\"{&quot;stretch_section&quot;:&quot;section-stretched&quot;,&quot;background_background&quot;:&quot;classic&quot;}\">\n\t\t\t\t\t\t\t<div class=\"elementor-background-overlay\"><\/div>\n\t\t\t\t\t\t\t<div class=\"elementor-container elementor-column-gap-no\">\n\t\t\t\t\t<div class=\"has_eae_slider elementor-column elementor-col-33 elementor-top-column elementor-element elementor-element-e0f40fd\" data-eae-slider=\"49519\" data-id=\"e0f40fd\" data-element_type=\"column\" data-e-type=\"column\">\n\t\t\t<div class=\"elementor-widget-wrap\">\n\t\t\t\t\t\t\t<\/div>\n\t\t<\/div>\n\t\t\t\t<div class=\"has_eae_slider elementor-column elementor-col-33 elementor-top-column elementor-element elementor-element-1fd1e7a\" data-eae-slider=\"33123\" data-id=\"1fd1e7a\" data-element_type=\"column\" data-e-type=\"column\" data-settings=\"{&quot;background_background&quot;:&quot;classic&quot;}\">\n\t\t\t<div class=\"elementor-widget-wrap elementor-element-populated\">\n\t\t\t\t\t\t<div class=\"elementor-element elementor-element-fc61cbb elementor-widget elementor-widget-text-editor\" data-id=\"fc61cbb\" data-element_type=\"widget\" data-e-type=\"widget\" data-widget_type=\"text-editor.default\">\n\t\t\t\t<div class=\"elementor-widget-container\">\n\t\t\t\t\t\t\t\t\t<h3><b style=\"font-family: inherit; font-style: inherit;\">&nbsp;<\/b><b style=\"color: var( --e-global-color-text ); font-family: inherit; font-size: 25px; font-style: inherit;\">HISTORIA<\/b><\/h3>\n<p>Antes de la llegada de los conquistadores espa\u00f1oles, la comarca de \u00d1u\u00f1ohue estaba conformada por 5 caser\u00edos ind\u00edgenas, dominados por los mitimaes, colonos del imperio inca. Cuando los conquistadores espa\u00f1oles llegaron a Chile, los ind\u00edgenas de \u00d1u\u00f1ohue se hab\u00edan revelado del Imperio Inca. Durante el siglo XVI, los conquistadores hispanos implantaron el sistema de encomiendas y mercedes de tierra; por la encomienda, se entregaba un conjunto de indios para determinados fines, y por la merced de tierra se daba el dominio sobre grandes extensiones territoriales.<\/p>\n<p>Pedro de Valdivia estableci\u00f3 encomiendas en los caser\u00edos de Apoquindo, Macul, \u00d1u\u00f1oa y Tobalaba. En conjunto, las encomiendas de Macul y \u00d1u\u00f1oa fueron entregadas en 1554 a don Juan Jofr\u00e9 de Loaisa, que pasar\u00edan a manos de su hijo Juan Jofr\u00e9. Asimismo, se le entregaron mercedes de tierra situadas en las tierras de sus encomiendos, siendo el primer encomendero y propietario espa\u00f1ol del sector de Macul.<\/p>\n<p>Este sistema de administraci\u00f3n subsisti\u00f3 hasta principios del siglo XIX, ya que con el advenimiento de la independencia de Chile y la llegada de la Rep\u00fablica, el poblado de Macul pas\u00f3 a formar parte de la provincia de Santiago. Macul sufre m\u00faltiples divisiones en su propiedad y en 1891 con la creaci\u00f3n de la Municipalidad de \u00d1u\u00f1oa pasa a integrarse como parte de su territorio. Es en este periodo que comienza el poblamiento de la comuna, desaparecen las antiguas fincas y surgen nuevas avenidas, casas quintas y ya en el siglo XX establecimientos industriales.<\/p>\n<p>Es en esta \u00e9poca de grandes cambios, que se produce la migraci\u00f3n de la clase alta de la ciudad hacia la zona oriente, radic\u00e1ndose muchas familias adineradas en la Gran Avenida de Macul, tambi\u00e9n conocida como Jos\u00e9 Pedro Alessandri.<\/p><p><b>OR\u00cdGENES DE LA ACTUAL CONSTRUCCI\u00d3N<\/b><\/p>\n<p>El terreno donde se ubica el Castillo perteneci\u00f3 originalmente a una chacra del per\u00edodo colonial que ten\u00eda su frente o cabezada hacia el camino real de \u00d1u\u00f1oa (actual avenida Irarr\u00e1zaval) y que fue adquirida por don Agust\u00edn Infante Prado a fines del s. XVIII. La hered\u00f3 luego su hijo don Jos\u00e9 Miguel Infante Rojas quien la vendi\u00f3 en 1844 a don Jos\u00e9 Ram\u00f3n Undurraga Ram\u00edrez. La chacra pas\u00f3 a denominarse en aquella \u00e9poca chacra \u00abSanta Rita\u00bb. Inmediatamente al oriente de ella se encontraban dos chacras de la familia Tocornal Velasco y que luego ser\u00edan conocidas en conjunto como chacra \u00abEl Rosario\u00bb. Dicha familia vendi\u00f3 ambas chacras a don Gregorio Ossa y Cerda en 1855 (en dichos terrenos est\u00e1 actualmente emplazada la Casa de la Cultura de \u00d1u\u00f1oa). Do\u00f1a Mariana Brown de Ossa, segunda esposa y viuda de don Gregorio Ossa y Cerda, adquiri\u00f3 el fundo \u00abSanta Rita\u00bb en 1872, de las herederas del mencionado Sr. Ram\u00f3n Undurraga. Luego do\u00f1a Mariana Brown lo traspas\u00f3 a su hijo don Luis Gregorio Ossa Brown, quien lo parcel\u00f3 vendiendo sitios a diversos propietarios. El Sr. Ossa vendi\u00f3 en 1910 varios de estos sitios a don Jos\u00e9 Pedro Alessandri (los cuales formaban parte de la llamada Nueva Poblaci\u00f3n de \u00d1u\u00f1oa). Don Jos\u00e9 Pedro Alessandri los traspas\u00f3 a su hijo Guillermo Alessandri Altamirano, quien luego vendi\u00f3 el sitio donde se emplazar\u00eda el Castillo en 1928 a don Luis Guzm\u00e1n Mart\u00ednez. El Sr. Guzm\u00e1n lo vendi\u00f3 finalmente en 1929 al industrial de origen espa\u00f1ol, don Ferm\u00edn V\u00e1squez Men\u00e9ndez.<\/p>\n<p>Don Ferm\u00edn encarga el dise\u00f1o de su casa al arquitecto Jos\u00e9 Luis Mosquera, y emprende la construcci\u00f3n de la casa en 1931, la cual nunca termin\u00f3 en su totalidad. Su objetivo era habitarla junto a su mujer y su numerosa familia, lo cual no concreta finalmente, ya que s\u00f3lo su hija Joaquina vive en la majestuosa mansi\u00f3n, hasta el d\u00eda de la muerte de don Ferm\u00edn, cuando se decide rematarla, a\u00fan con detalles sin terminar.<\/p>\n<p>Don Ferm\u00edn, espa\u00f1ol asturiano casado con Benigna de la Fuente Fern\u00e1ndez y su hija Mar\u00eda Luisa, llegaron a Chile a principios del a\u00f1o 1908, en Chile nacieron Genoveva, F\u00e9lix, Benita y Ferm\u00edn. La primera piedra la puso el a\u00f1o 1929 y reci\u00e9n en el 1931 fue habitada. Entre los a\u00f1os 1947 al 1951 fue habitada por Genoveva V\u00e1squez de la Fuente y Antonio del R\u00edo Diez, quienes ya ten\u00edan 5 Hijos: Dolores, Eugenia, Antonio, Isabel y Cristina. En el castillo naci\u00f3 el quinto hijo Miguel. A la muerte de don Ferm\u00edn fue rematado el castillo por una empresa constructora.<\/p>\n<p>El castillo del lado norte de la municipalidad fue construido antes por don Ferrn\u00edn, al igual que el puente del r\u00edo Bio Bio y la morgue de Santiago, entre otras edificaciones con menor importancia. (Jos\u00e9 Manuel Efr\u00e9n Bueno del R\u00edo) Bisnieto de don Ferrn\u00edn.<\/p>\n<p>El Castillo fue comprado por la Sociedad Constructora de Establecimientos Educacionales y pas\u00f3 a albergar las oficinas del Liceo N\u00ba 11 de Ni\u00f1as \u00abJuana de Ibarbourou\u00bb, hasta que en el a\u00f1o 1985 fue adquirido en 30 millones de pesos por la reci\u00e9n creada Municipalidad de Macul, la que realiz\u00f3 la reparaci\u00f3n total del inmueble, afectado por el sismo del mismo a\u00f1o. Los trabajos se extendieron por todo el a\u00f1o 1986 y tuvieron un coste total de 31 millones de pesos de la \u00e9poca, permitiendo en diciembre del mismo a\u00f1o instalar las oficinas de la Alcald\u00eda, Secretar\u00eda Municipal, Direcci\u00f3n Jur\u00eddica, Planificaci\u00f3n, Finanzas y Control.<\/p>\n<p>En 1988 se inaugur\u00f3 un edificio anexo en el costado norte, que respeta el estilo neocolonial imperante, donde funciona actualmente el Departamento de Obras.<\/p>\n<p>El a\u00f1o 2004 se inaugur\u00f3 un nuevo edificio Municipal, ubicado a tan s\u00f3lo dos cuadras del Castillo, que absorbi\u00f3 diversas reparticiones municipales.<\/p>\n<p>El a\u00f1o 2009, a trav\u00e9s del Decreto N\u00ba 148 del Ministerio de Educaci\u00f3n, se nombr\u00f3 como Monumento Nacional, en la categor\u00eda de Hist\u00f3rico al Castillo, reconociendo su historia y sus m\u00e9ritos arquitect\u00f3nicos.<\/p><p><b>CARACTER\u00cdSTICAS ARQUITECT\u00d3NICAS<\/b><\/p>\n<p>El Castillo est\u00e1 construido en un estilo neocolonial, y muchos de sus elementos fueron tra\u00eddos directamente de Espa\u00f1a, de la ciudad de Le\u00f3n, de donde era natural don Ferm\u00edn V\u00e1squez. El Castillo realza en el paisaje gracias al contraste que produce el fuerte rojo de los motivos ornamentales del edificio, con los muros blancos del mismo, hecho caracter\u00edstico de la arquitectura neocolonial, y que puede admirarse en numerosas construcciones de la ciudad de La Serena.<\/p>\n<p>Cabe destacar que \u00e9stos colores fueron elegidos y fijados por don Samuel Rom\u00e1n, reconocido escultor y pintor chileno. Destacan el p\u00f3rtico de entrada, donde hay presentes elementos de la arquitectura barroca y el balc\u00f3n colonial que se desprende de un segundo piso, como quisiendo evocar alg\u00fan palacio lime\u00f1o o cuzque\u00f1o de la colonia. En lo que ser\u00eda un quinto piso, hay un mirador que se encarama sobre el tejado del Castillo, dominando un paisaje cordillerano, cubierto de nieve en invierno.<\/p>\t\t\t\t\t\t\t\t<\/div>\n\t\t\t\t<\/div>\n\t\t\t\t\t<\/div>\n\t\t<\/div>\n\t\t\t\t<div class=\"has_eae_slider elementor-column elementor-col-33 elementor-top-column elementor-element elementor-element-d322b87\" data-eae-slider=\"69257\" data-id=\"d322b87\" data-element_type=\"column\" data-e-type=\"column\">\n\t\t\t<div class=\"elementor-widget-wrap\">\n\t\t\t\t\t\t\t<\/div>\n\t\t<\/div>\n\t\t\t\t\t<\/div>\n\t\t<\/section>\n\t\t\t\t<\/div>\n\t\t","protected":false},"excerpt":{"rendered":"<p>EDIFICIO CONSISTORIAL DE MACULEX CASA VASQUEZ El Edificio Consistorial de Macul, conocido simplemente como \u00abCastillo de Macul\u00bb es un edificio de 3 pisos m\u00e1s un mirador y z\u00f3calo ubicado en el centro de la comuna de Macul, en la esquina norponiente de las calles Los Pl\u00e1tanos y Avenida Macul. Actualmente funcionan all\u00ed diversas reparticiones municipales, &#8230; <\/p>\n<p class=\"read-more-container\"><a title=\"Castillo Consistorial Palacio V\u00e1squez\" class=\"read-more button\" href=\"https:\/\/www.munimacul.cl\/portalnv\/index.php\/castillo-consistorial-palacio-vasquez\/#more-29707\" aria-label=\"Leer m\u00e1s sobre Castillo Consistorial Palacio V\u00e1squez\">Read more<\/a><\/p>\n","protected":false},"author":1,"featured_media":0,"parent":0,"menu_order":0,"comment_status":"closed","ping_status":"closed","template":"","meta":{"footnotes":""},"class_list":["post-29707","page","type-page","status-publish"],"_links":{"self":[{"href":"https:\/\/www.munimacul.cl\/portalnv\/index.php\/wp-json\/wp\/v2\/pages\/29707","targetHints":{"allow":["GET"]}}],"collection":[{"href":"https:\/\/www.munimacul.cl\/portalnv\/index.php\/wp-json\/wp\/v2\/pages"}],"about":[{"href":"https:\/\/www.munimacul.cl\/portalnv\/index.php\/wp-json\/wp\/v2\/types\/page"}],"author":[{"embeddable":true,"href":"https:\/\/www.munimacul.cl\/portalnv\/index.php\/wp-json\/wp\/v2\/users\/1"}],"replies":[{"embeddable":true,"href":"https:\/\/www.munimacul.cl\/portalnv\/index.php\/wp-json\/wp\/v2\/comments?post=29707"}],"version-history":[{"count":40,"href":"https:\/\/www.munimacul.cl\/portalnv\/index.php\/wp-json\/wp\/v2\/pages\/29707\/revisions"}],"predecessor-version":[{"id":42974,"href":"https:\/\/www.munimacul.cl\/portalnv\/index.php\/wp-json\/wp\/v2\/pages\/29707\/revisions\/42974"}],"wp:attachment":[{"href":"https:\/\/www.munimacul.cl\/portalnv\/index.php\/wp-json\/wp\/v2\/media?parent=29707"}],"curies":[{"name":"wp","href":"https:\/\/api.w.org\/{rel}","templated":true}]}}