{"id":3444,"date":"2019-09-02T02:07:33","date_gmt":"2019-09-02T06:07:33","guid":{"rendered":"http:\/\/www.munimacul.cl\/portalnv\/?page_id=3444"},"modified":"2025-01-25T18:23:07","modified_gmt":"2025-01-25T21:23:07","slug":"secretaria-municipal","status":"publish","type":"page","link":"https:\/\/www.munimacul.cl\/portalnv\/index.php\/secretaria-municipal\/","title":{"rendered":"Secretar\u00eda Municipal"},"content":{"rendered":"\t\t<div data-elementor-type=\"wp-post\" data-elementor-id=\"3444\" class=\"elementor elementor-3444\" data-elementor-post-type=\"page\">\n\t\t\t\t\t\t<section class=\"has_eae_slider elementor-section elementor-top-section elementor-element elementor-element-3a6c496 elementor-section-boxed elementor-section-height-default elementor-section-height-default\" data-eae-slider=\"58981\" data-id=\"3a6c496\" data-element_type=\"section\" data-e-type=\"section\">\n\t\t\t\t\t\t<div class=\"elementor-container elementor-column-gap-default\">\n\t\t\t\t\t<div class=\"has_eae_slider elementor-column elementor-col-100 elementor-top-column elementor-element elementor-element-2e4a32f\" data-eae-slider=\"22017\" data-id=\"2e4a32f\" data-element_type=\"column\" data-e-type=\"column\" data-settings=\"{&quot;background_background&quot;:&quot;classic&quot;}\">\n\t\t\t<div class=\"elementor-widget-wrap elementor-element-populated\">\n\t\t\t\t\t\t<div class=\"elementor-element elementor-element-251156d elementor-widget elementor-widget-heading\" data-id=\"251156d\" data-element_type=\"widget\" data-e-type=\"widget\" data-widget_type=\"heading.default\">\n\t\t\t\t<div class=\"elementor-widget-container\">\n\t\t\t\t\t<h2 class=\"elementor-heading-title elementor-size-default\">SECRETAR\u00cdA MUNICIPAL<\/h2>\t\t\t\t<\/div>\n\t\t\t\t<\/div>\n\t\t\t\t\t<\/div>\n\t\t<\/div>\n\t\t\t\t\t<\/div>\n\t\t<\/section>\n\t\t\t\t<section class=\"has_eae_slider elementor-section elementor-top-section elementor-element elementor-element-60158aa elementor-section-boxed elementor-section-height-default elementor-section-height-default\" data-eae-slider=\"63743\" data-id=\"60158aa\" data-element_type=\"section\" data-e-type=\"section\">\n\t\t\t\t\t\t\t<div class=\"elementor-background-overlay\"><\/div>\n\t\t\t\t\t\t\t<div class=\"elementor-container elementor-column-gap-default\">\n\t\t\t\t\t<div class=\"has_eae_slider elementor-column elementor-col-100 elementor-top-column elementor-element elementor-element-97a7aad\" data-eae-slider=\"9279\" data-id=\"97a7aad\" data-element_type=\"column\" data-e-type=\"column\">\n\t\t\t<div class=\"elementor-widget-wrap elementor-element-populated\">\n\t\t\t\t\t\t<div class=\"elementor-element elementor-element-6be79be elementor-widget elementor-widget-text-editor\" data-id=\"6be79be\" data-element_type=\"widget\" data-e-type=\"widget\" data-widget_type=\"text-editor.default\">\n\t\t\t\t<div class=\"elementor-widget-container\">\n\t\t\t\t\t\t\t\t\t<p>La Secretar\u00eda Municipal estar\u00e1 a cargo de un Secretario Municipal, cuyas funciones principales ser\u00e1n dirigir las actividades de secretar\u00eda administrativa del Alcalde y del Concejo Municipal y desempe\u00f1arse como Ministro de Fe en todas las actuaciones municipales. La Secretar\u00eda Municipal tiene por objeto dar un adecuado apoyo administrativo al Alcalde y al Concejo. Las funciones principales de la Secretar\u00eda Municipal son:<\/p><p><b>A.-<\/b> El Secretario Municipal deber\u00e1 desempe\u00f1arse como Ministro de Fe en todas las actuaciones municipales:<\/p><p><b>a-1)<\/b> Asistir y tomar acta de las sesiones del Concejo.<br \/><b>a-2)<\/b> Refrendar y transcribir las resoluciones del Alcalde, los acuerdos del Concejo.<br \/><b>a-3)<\/b> Llevar un registro p\u00fablico y certificar el dep\u00f3sito del acta constitutiva de las organizaciones comunitarias, en conformidad con la Ley.<br \/><b>a-4)<\/b> Certificar las dem\u00e1s actuaciones municipales que establezca la Ley cuando le sean solicitadas.<\/p><p><b>B.-<\/b> Dirigir las actividades de secretar\u00eda administrativa del Alcalde.:<\/p><p><b>b-1)<\/b> Realizar la recepci\u00f3n, tramitaci\u00f3n, despacho y archivo de la documentaci\u00f3n municipal.<br \/><b>b-2)<\/b> Revisar a diario toda la documentaci\u00f3n que ingresa al Municipio v\u00eda Oficina de Partes, providenciarla y solicitar los antecedentes que sean necesarios.<br \/><b>b-3)<\/b> Revisar a diario la documentaci\u00f3n proveniente de las diferentes Direcciones Municipales para firma del Sr. Alcalde, solicitar antecedentes necesarios y clasificarlos.<br \/><b>b-4) <\/b>Supervisar el despacho oportuno de la correspondencia por la Oficina de Partes.<br \/><b>b-5) <\/b>Redactar las respuestas sobre solicitudes de vecinos.<\/p><p><b>C.-<\/b> Dirigir las actividades de secretar\u00eda administrativa del Concejo:<\/p><p><b>c-1) <\/b>Comunicar o transcribir los acuerdos adoptados por el Concejo a las autoridades, organizaciones o personas que corresponda.<br \/><b>c-2)<\/b> Ejercer las tareas propias de Secretar\u00eda, de acuerdo a las instrucciones que imparta el Concejo, su Presidente y a lo que dispone el Reglamento Interno del Concejo.<br \/><b>c-3) <\/b>Proponer y preparar los antecedentes de los temas de la Tabla que se tratar\u00e1 en las sesiones del Concejo.<br \/><b>c-4) <\/b>Efectuar y despachar las citaciones a los Se\u00f1ores Concejales para las sesiones ordinarias y extraordinarias del Concejo con la debida antelaci\u00f3n, adjuntando la tabla correspondiente y copia del Acta de la sesi\u00f3n anterior.<br \/><b>c-5) <\/b>Llevar y mantener al d\u00eda los Libros de Actas de las sesiones del Concejo, insertando los documentos que \u00e9ste determine.<br \/><b>c-6) <\/b>Redactar y despachar las citaciones o invitaciones a funcionarios municipales o a personas ajenas al Municipio, que determine el Concejo.<br \/><b>c-7) <\/b>Redactar y despachar los oficios por los cuales se soliciten informes o asesor\u00edas que el Concejo estime necesario.<br \/><b>c-8) <\/b>Recibir, registrar y archivar, seg\u00fan corresponda, la documentaci\u00f3n que reciba el Concejo, como tambi\u00e9n despachar la correspondencia que emane del mismo.<\/p><p><b>D.-<\/b> Certificar la vigencia de la personalidad jur\u00eddica a las organizaciones comunitarias.<\/p><p><b>E.-<\/b> Aprobar u objetar la constituci\u00f3n de las organizaciones comunitarias, como as\u00edmismo la reforma de sus estatutos, en conformidad a la Ley.<\/p><p><b>F.- <\/b>Cumplir las dem\u00e1s funciones que la Ley y el Alcalde le encomienden.<\/p>\t\t\t\t\t\t\t\t<\/div>\n\t\t\t\t<\/div>\n\t\t\t\t\t<\/div>\n\t\t<\/div>\n\t\t\t\t\t<\/div>\n\t\t<\/section>\n\t\t\t\t<section class=\"has_eae_slider elementor-section elementor-top-section elementor-element elementor-element-6bf61a9 elementor-section-boxed elementor-section-height-default elementor-section-height-default\" data-eae-slider=\"9476\" data-id=\"6bf61a9\" data-element_type=\"section\" data-e-type=\"section\">\n\t\t\t\t\t\t<div class=\"elementor-container elementor-column-gap-default\">\n\t\t\t\t\t<div class=\"has_eae_slider elementor-column elementor-col-100 elementor-top-column elementor-element elementor-element-c8c05c4\" data-eae-slider=\"46547\" data-id=\"c8c05c4\" data-element_type=\"column\" data-e-type=\"column\" data-settings=\"{&quot;background_background&quot;:&quot;classic&quot;}\">\n\t\t\t<div class=\"elementor-widget-wrap elementor-element-populated\">\n\t\t\t\t\t\t<div class=\"elementor-element elementor-element-efa4bf1 elementor-widget elementor-widget-heading\" data-id=\"efa4bf1\" data-element_type=\"widget\" data-e-type=\"widget\" data-widget_type=\"heading.default\">\n\t\t\t\t<div class=\"elementor-widget-container\">\n\t\t\t\t\t<h2 class=\"elementor-heading-title elementor-size-default\">OFICINA DE PARTES Y RECLAMOS<\/h2>\t\t\t\t<\/div>\n\t\t\t\t<\/div>\n\t\t\t\t\t<\/div>\n\t\t<\/div>\n\t\t\t\t\t<\/div>\n\t\t<\/section>\n\t\t\t\t<section class=\"has_eae_slider elementor-section elementor-top-section elementor-element elementor-element-af76d3b elementor-section-boxed elementor-section-height-default elementor-section-height-default\" data-eae-slider=\"92113\" data-id=\"af76d3b\" data-element_type=\"section\" data-e-type=\"section\">\n\t\t\t\t\t\t\t<div class=\"elementor-background-overlay\"><\/div>\n\t\t\t\t\t\t\t<div class=\"elementor-container elementor-column-gap-default\">\n\t\t\t\t\t<div class=\"has_eae_slider elementor-column elementor-col-100 elementor-top-column elementor-element elementor-element-7d03f3c\" data-eae-slider=\"23242\" data-id=\"7d03f3c\" data-element_type=\"column\" data-e-type=\"column\">\n\t\t\t<div class=\"elementor-widget-wrap elementor-element-populated\">\n\t\t\t\t\t\t<div class=\"elementor-element elementor-element-1509f8c elementor-widget elementor-widget-text-editor\" data-id=\"1509f8c\" data-element_type=\"widget\" data-e-type=\"widget\" data-widget_type=\"text-editor.default\">\n\t\t\t\t<div class=\"elementor-widget-container\">\n\t\t\t\t\t\t\t\t\t<h3 style=\"font-family: 'Yanone Kaffeesatz', sans-serif; font-style: normal; color: #0c0c0c; letter-spacing: -0.5px;\"><span style=\"font-size: 25px;\">La Oficina de Partes depende directamente de la Secretar\u00eda Municipal y tiene por objeto recepcionar, ingresar, registrar, tramitar, despachar y archivar en forma ordenada y expedita toda la documentaci\u00f3n del Municipio y los reclamos que se formulen por los particulares al Alcalde.<\/span><\/h3><p style=\"color: #0c0c0c; font-size: 25px; letter-spacing: -0.5px;\">La Secci\u00f3n Oficina de Partes tiene a su cargo las siguientes funciones:<\/p><p style=\"color: #0c0c0c; font-size: 25px; letter-spacing: -0.5px;\"><span style=\"font-weight: bold;\">A.-\u00a0<\/span>Recibir y registrar en forma met\u00f3dica y ordenada todas las comunicaciones y documentos que lleguen desde el exterior a la Municipalidad.<\/p><p style=\"color: #0c0c0c; font-size: 25px; letter-spacing: -0.5px;\"><span style=\"font-weight: bold;\">a-1)\u00a0<\/span>Numerar y fechar los documentos recibidos en orden correlativo, de acuerdo a la clave asignada por el Jefe de la Oficina de Partes;<br \/><span style=\"font-weight: bold;\">a-3)\u00a0<\/span>Distribuir y despachar las providencias alcaldicias referentes a dichos ingresos, a las unidades municipales correspondientes, previo registro en el sistema computacional;<br \/><span style=\"font-weight: bold;\">a-4)\u00a0<\/span>Llevar el archivo, en fotocopia, de los documentos emanados de la Contralor\u00eda General de la Rep\u00fablica, Intendencia, Ministerios u otros servicios relevantes, los que ser\u00e1n clasificados por una clave;<\/p><p style=\"color: #0c0c0c; font-size: 25px; letter-spacing: -0.5px;\"><span style=\"font-weight: bold;\">B.-<\/span>\u00a0Numerar y fechar los Decretos Alcaldicios, las Ordenanzas, los Reglamentos Municipales y los Contratos.<\/p><p style=\"color: #0c0c0c; font-size: 25px; letter-spacing: -0.5px;\"><span style=\"font-weight: bold;\">b-1)<\/span>\u00a0Distribuir sus copias seg\u00fan proceda, a quien corresponda.<br \/><span style=\"font-weight: bold;\">b-2)\u00a0<\/span>Publicarlos, cuando proceda.<br \/><span style=\"font-weight: bold;\">b-3)\u00a0<\/span>Archivarlos en forma correlativa y por materia.<\/p><p style=\"color: #0c0c0c; font-size: 25px; letter-spacing: -0.5px;\"><span style=\"font-weight: bold;\">C.-\u00a0<\/span>Efectuar el despacho de las comunicaciones y documentos municipales que salen al exterior, asign\u00e1ndole la clave respectiva.<\/p><p style=\"color: #0c0c0c; font-size: 25px; letter-spacing: -0.5px;\"><span style=\"font-weight: bold;\">c-1)\u00a0<\/span>Numerar, fechar y despachar las cartas y oficios alcaldicios, distribuir sus copias y archivarlos.<br \/><span style=\"font-weight: bold;\">c-2)<\/span>\u00a0Recibir y remitir para V\u00b0B\u00b0 del Alcalde, los oficios emanados de las distintas unidades municipales, numerarlos, fecharlos y despacharlos al exterior por intermedio de los mensajeros, correo o servicios particulares, seg\u00fan la urgencia.<br \/><span style=\"font-weight: bold;\">c-3)<\/span>\u00a0Archivar copia de dichos documentos, clasificados por unidades municipales.<\/p><p style=\"color: #0c0c0c; font-size: 25px; letter-spacing: -0.5px;\"><span style=\"font-weight: bold;\">D.-\u00a0<\/span>Fechar y numerar en forma correlativa las \u00f3rdenes del servicio, circulares y dem\u00e1s comunicaciones emanadas del Alcalde y unidades municipales y distribuirlas, cuando corresponda.<\/p><p style=\"color: #0c0c0c; font-size: 25px; letter-spacing: -0.5px;\"><span style=\"font-weight: bold;\">F.-\u00a0<\/span>Llevar el archivo ordenado y met\u00f3dico de la documentaci\u00f3n oficial del Municipio, conforme al reglamento respectivo, velando por su correcta conservaci\u00f3n y actualizaci\u00f3n.<\/p><p style=\"color: #0c0c0c; font-size: 25px; letter-spacing: -0.5px;\"><span style=\"font-weight: bold;\">G.-\u00a0<\/span>Proporcionar en forma expedita la informaci\u00f3n requerida por el Alcalde o las distintas unidades municipales, en relaci\u00f3n a la\u00a0 documentaci\u00f3n recibida, despachada o archivada en la Oficina de Partes. Si la informaci\u00f3n es solicitada por personas externas del Municipio, \u00e9sta ser\u00e1 proporcionada previo V\u00b0B\u00b0 del Alcalde.<\/p><p style=\"color: #0c0c0c; font-size: 25px; letter-spacing: -0.5px;\"><span style=\"font-weight: bold;\">H.-\u00a0<\/span>Informar al Secretario Municipal sobre las adjudicaciones de propuestas p\u00fablicas, privadas y contrataciones directas de servicios para el Municipio, en forma semanal y oportuna, con el objeto de ser informadas ante el Concejo Municipal.<\/p><p style=\"color: #0c0c0c; font-size: 25px; letter-spacing: -0.5px;\"><span style=\"font-weight: bold;\">I.-<\/span>\u00a0Retirar la correspondencia de Correos de Chile y la documentaci\u00f3n de la Contralor\u00eda General de la Rep\u00fablica, Intendencia y dem\u00e1s organismos p\u00fablicos, diariamente.<\/p><p style=\"color: #0c0c0c; font-size: 25px; letter-spacing: -0.5px;\"><span style=\"font-weight: bold;\">J.-\u00a0<\/span>Atenci\u00f3n de p\u00fablico para entrega de bases, ordenanzas u otros documentos, cuando corresponda.<\/p><p style=\"color: #0c0c0c; font-size: 25px; letter-spacing: -0.5px;\"><span style=\"font-weight: bold;\">K.-\u00a0<\/span>Realizar las dem\u00e1s funciones que le encomiende el Secretario Municipal.<\/p><p style=\"color: #0c0c0c; font-size: 25px; letter-spacing: -0.5px;\"><span style=\"font-weight: bold;\">L.-\u00a0<\/span>Recepcionar los reclamos que se formulen por escrito al Alcalde por cualquier persona y registrarlos en el libro que llevar\u00e1 para tales efectos.<\/p>\t\t\t\t\t\t\t\t<\/div>\n\t\t\t\t<\/div>\n\t\t\t\t\t<\/div>\n\t\t<\/div>\n\t\t\t\t\t<\/div>\n\t\t<\/section>\n\t\t\t\t<section class=\"has_eae_slider elementor-section elementor-top-section elementor-element elementor-element-f41647c elementor-section-boxed elementor-section-height-default elementor-section-height-default\" data-eae-slider=\"89374\" data-id=\"f41647c\" data-element_type=\"section\" data-e-type=\"section\">\n\t\t\t\t\t\t<div class=\"elementor-container elementor-column-gap-default\">\n\t\t\t\t\t<div class=\"has_eae_slider elementor-column elementor-col-100 elementor-top-column elementor-element elementor-element-1e99dc3\" data-eae-slider=\"92616\" data-id=\"1e99dc3\" data-element_type=\"column\" data-e-type=\"column\" data-settings=\"{&quot;background_background&quot;:&quot;classic&quot;}\">\n\t\t\t<div class=\"elementor-widget-wrap elementor-element-populated\">\n\t\t\t\t\t\t<div class=\"elementor-element elementor-element-14085df elementor-widget elementor-widget-heading\" data-id=\"14085df\" data-element_type=\"widget\" data-e-type=\"widget\" data-widget_type=\"heading.default\">\n\t\t\t\t<div class=\"elementor-widget-container\">\n\t\t\t\t\t<h2 class=\"elementor-heading-title elementor-size-default\">OFICINA DEL CONCEJO<\/h2>\t\t\t\t<\/div>\n\t\t\t\t<\/div>\n\t\t\t\t\t<\/div>\n\t\t<\/div>\n\t\t\t\t\t<\/div>\n\t\t<\/section>\n\t\t\t\t<section class=\"has_eae_slider elementor-section elementor-top-section elementor-element elementor-element-f053151 elementor-section-boxed elementor-section-height-default elementor-section-height-default\" data-eae-slider=\"82549\" data-id=\"f053151\" data-element_type=\"section\" data-e-type=\"section\">\n\t\t\t\t\t\t\t<div class=\"elementor-background-overlay\"><\/div>\n\t\t\t\t\t\t\t<div class=\"elementor-container elementor-column-gap-default\">\n\t\t\t\t\t<div class=\"has_eae_slider elementor-column elementor-col-100 elementor-top-column elementor-element elementor-element-2f4a0af\" data-eae-slider=\"59842\" data-id=\"2f4a0af\" data-element_type=\"column\" data-e-type=\"column\">\n\t\t\t<div class=\"elementor-widget-wrap elementor-element-populated\">\n\t\t\t\t\t\t<div class=\"elementor-element elementor-element-d89a3de elementor-widget elementor-widget-text-editor\" data-id=\"d89a3de\" data-element_type=\"widget\" data-e-type=\"widget\" data-widget_type=\"text-editor.default\">\n\t\t\t\t<div class=\"elementor-widget-container\">\n\t\t\t\t\t\t\t\t\t<p><span style=\"font-family: inherit; font-style: inherit;\">La Oficina de Concejales depende directamente del Secretario Municipal y tiene por objeto servir de secretar\u00eda para aqu\u00e9l.\u00a0<\/span>La Oficina del Concejo tiene a su cargo las siguientes funciones:<\/p><p><b>a) <\/b>Recibir, registrar y archivar, seg\u00fan corresponda, la documentaci\u00f3n que reciba el Concejo, como tambi\u00e9n despachar la correspondencia que emane del mismo.<br \/><b>b)<\/b> Atender p\u00fablico, concertar y coordinar entrevistas entre los vecinos de la Comuna con los distintos miembros del Concejo.<br \/><b>c) <\/b>Realizar las dem\u00e1s funciones que el Concejo le solicite.<\/p>\t\t\t\t\t\t\t\t<\/div>\n\t\t\t\t<\/div>\n\t\t\t\t\t<\/div>\n\t\t<\/div>\n\t\t\t\t\t<\/div>\n\t\t<\/section>\n\t\t\t\t<\/div>\n\t\t","protected":false},"excerpt":{"rendered":"<p>SECRETAR\u00cdA MUNICIPAL La Secretar\u00eda Municipal estar\u00e1 a cargo de un Secretario Municipal, cuyas funciones principales ser\u00e1n dirigir las actividades de secretar\u00eda administrativa del Alcalde y del Concejo Municipal y desempe\u00f1arse como Ministro de Fe en todas las actuaciones municipales. La Secretar\u00eda Municipal tiene por objeto dar un adecuado apoyo administrativo al Alcalde y al Concejo. &#8230; <\/p>\n<p class=\"read-more-container\"><a title=\"Secretar\u00eda Municipal\" class=\"read-more button\" href=\"https:\/\/www.munimacul.cl\/portalnv\/index.php\/secretaria-municipal\/#more-3444\" aria-label=\"Leer m\u00e1s sobre Secretar\u00eda Municipal\">Read more<\/a><\/p>\n","protected":false},"author":1,"featured_media":0,"parent":0,"menu_order":0,"comment_status":"closed","ping_status":"closed","template":"","meta":{"footnotes":""},"class_list":["post-3444","page","type-page","status-publish"],"_links":{"self":[{"href":"https:\/\/www.munimacul.cl\/portalnv\/index.php\/wp-json\/wp\/v2\/pages\/3444","targetHints":{"allow":["GET"]}}],"collection":[{"href":"https:\/\/www.munimacul.cl\/portalnv\/index.php\/wp-json\/wp\/v2\/pages"}],"about":[{"href":"https:\/\/www.munimacul.cl\/portalnv\/index.php\/wp-json\/wp\/v2\/types\/page"}],"author":[{"embeddable":true,"href":"https:\/\/www.munimacul.cl\/portalnv\/index.php\/wp-json\/wp\/v2\/users\/1"}],"replies":[{"embeddable":true,"href":"https:\/\/www.munimacul.cl\/portalnv\/index.php\/wp-json\/wp\/v2\/comments?post=3444"}],"version-history":[{"count":33,"href":"https:\/\/www.munimacul.cl\/portalnv\/index.php\/wp-json\/wp\/v2\/pages\/3444\/revisions"}],"predecessor-version":[{"id":39692,"href":"https:\/\/www.munimacul.cl\/portalnv\/index.php\/wp-json\/wp\/v2\/pages\/3444\/revisions\/39692"}],"wp:attachment":[{"href":"https:\/\/www.munimacul.cl\/portalnv\/index.php\/wp-json\/wp\/v2\/media?parent=3444"}],"curies":[{"name":"wp","href":"https:\/\/api.w.org\/{rel}","templated":true}]}}