{"id":40185,"date":"2025-02-10T17:24:16","date_gmt":"2025-02-10T20:24:16","guid":{"rendered":"https:\/\/www.munimacul.cl\/portalnv\/?page_id=40185"},"modified":"2025-02-10T18:19:10","modified_gmt":"2025-02-10T21:19:10","slug":"pladeco","status":"publish","type":"page","link":"https:\/\/www.munimacul.cl\/portalnv\/index.php\/pladeco\/","title":{"rendered":"PLADECO"},"content":{"rendered":"\t\t<div data-elementor-type=\"wp-page\" data-elementor-id=\"40185\" class=\"elementor elementor-40185\" data-elementor-post-type=\"page\">\n\t\t\t\t\t\t<section class=\"has_eae_slider elementor-section elementor-top-section elementor-element elementor-element-374061b elementor-section-boxed elementor-section-height-default elementor-section-height-default\" data-eae-slider=\"82976\" data-id=\"374061b\" data-element_type=\"section\" data-e-type=\"section\" data-settings=\"{&quot;background_background&quot;:&quot;classic&quot;}\">\n\t\t\t\t\t\t<div class=\"elementor-container elementor-column-gap-default\">\n\t\t\t\t\t<div class=\"has_eae_slider elementor-column elementor-col-100 elementor-top-column elementor-element elementor-element-900f3ce\" data-eae-slider=\"18715\" data-id=\"900f3ce\" data-element_type=\"column\" data-e-type=\"column\" data-settings=\"{&quot;background_background&quot;:&quot;classic&quot;}\">\n\t\t\t<div class=\"elementor-widget-wrap elementor-element-populated\">\n\t\t\t\t\t\t<div class=\"elementor-element elementor-element-00c0874 elementor-widget elementor-widget-heading\" data-id=\"00c0874\" data-element_type=\"widget\" data-e-type=\"widget\" data-widget_type=\"heading.default\">\n\t\t\t\t<div class=\"elementor-widget-container\">\n\t\t\t\t\t<h2 class=\"elementor-heading-title elementor-size-default\">PLAN COMUNAL DE DESARROLLO \/ PLADECO<\/h2>\t\t\t\t<\/div>\n\t\t\t\t<\/div>\n\t\t\t\t\t<\/div>\n\t\t<\/div>\n\t\t\t\t\t<\/div>\n\t\t<\/section>\n\t\t\t\t<section class=\"has_eae_slider elementor-section elementor-top-section elementor-element elementor-element-1861c10 elementor-section-full_width elementor-section-height-default elementor-section-height-default\" data-eae-slider=\"24005\" data-id=\"1861c10\" data-element_type=\"section\" data-e-type=\"section\">\n\t\t\t\t\t\t\t<div class=\"elementor-background-overlay\"><\/div>\n\t\t\t\t\t\t\t<div class=\"elementor-container elementor-column-gap-default\">\n\t\t\t\t\t<div class=\"has_eae_slider elementor-column elementor-col-33 elementor-top-column elementor-element elementor-element-4db0d67\" data-eae-slider=\"62421\" data-id=\"4db0d67\" data-element_type=\"column\" data-e-type=\"column\">\n\t\t\t<div class=\"elementor-widget-wrap\">\n\t\t\t\t\t\t\t<\/div>\n\t\t<\/div>\n\t\t\t\t<div class=\"has_eae_slider elementor-column elementor-col-33 elementor-top-column elementor-element elementor-element-f1d9ef4\" data-eae-slider=\"15169\" data-id=\"f1d9ef4\" data-element_type=\"column\" data-e-type=\"column\">\n\t\t\t<div class=\"elementor-widget-wrap elementor-element-populated\">\n\t\t\t\t\t\t<div class=\"elementor-element elementor-element-86829c7 elementor-widget__width-initial elementor-widget elementor-widget-text-editor\" data-id=\"86829c7\" data-element_type=\"widget\" data-e-type=\"widget\" data-widget_type=\"text-editor.default\">\n\t\t\t\t<div class=\"elementor-widget-container\">\n\t\t\t\t\t\t\t\t\t<p>El Plan Comunal de Desarrollo, PLADECO, tal como aparece mencionado en la Ley N\u00b0 19.695 Org\u00e1nica Constitucional de Municipalidades, es uno de los instrumentos de planificaci\u00f3n comunal con que cuentan los municipios junto al Plan Regulador y la elaboraci\u00f3n del Presupuesto Municipal.<\/p>\n<p>De acuerdo a la Ley antes mencionada, el PLADECO es un instrumento rector del desarrollo de la comuna, contemplar\u00e1 las acciones orientadas a satisfacer las necesidades de la comunidad local y promover su avance social, econ\u00f3mico y cultural.<\/p>\n<p>Su vigencia m\u00ednima ser\u00e1 de cuatro a\u00f1os, sin que necesariamente deba coincidir con el per\u00edodo de desempe\u00f1o de las autoridades municipales electas por la ciudadan\u00eda. Su ejecuci\u00f3n deber\u00e1 someterse a evaluaci\u00f3n peri\u00f3dica, dando lugar a los ajustes y modificaciones que correspondan.<\/p>\n<p>En todo caso, en la elaboraci\u00f3n y ejecuci\u00f3n del PLADECO, tanto el Alcalde como el Concejo Municipal deber\u00e1n tener en cuenta la participaci\u00f3n ciudadana y la necesaria coordinaci\u00f3n con los dem\u00e1s servicios p\u00fablicos que operen en el \u00e1mbito comunal o ejerzan competencias en dicho \u00e1mbito.<\/p>\n<p>De ah\u00ed la importancia de reconocer a este instrumento de planificaci\u00f3n local como la principal gu\u00eda para que los municipios a trav\u00e9s de sus autoridades y funcionarios, puedan generar las estrategias m\u00e1s pertinentes para el desarrollo de sus comunas, con la inclusi\u00f3n de todos los actores presentes en el territorio.<\/p><p>Actualmente, la Ilustre Municipalidad de Macul se encuentra en proceso de elaboraci\u00f3n del nuevo PLADECO, el cual est\u00e1 a cargo de la consultora PRAGMA, quien se adjudic\u00f3 la licitaci\u00f3n para llevar a cabo este proceso.<\/p>\t\t\t\t\t\t\t\t<\/div>\n\t\t\t\t<\/div>\n\t\t\t\t\t<\/div>\n\t\t<\/div>\n\t\t\t\t<div class=\"has_eae_slider elementor-column elementor-col-33 elementor-top-column elementor-element elementor-element-13f15ec\" data-eae-slider=\"67413\" data-id=\"13f15ec\" data-element_type=\"column\" data-e-type=\"column\">\n\t\t\t<div class=\"elementor-widget-wrap\">\n\t\t\t\t\t\t\t<\/div>\n\t\t<\/div>\n\t\t\t\t\t<\/div>\n\t\t<\/section>\n\t\t\t\t<section class=\"has_eae_slider elementor-section elementor-top-section elementor-element elementor-element-566b1cc elementor-section-boxed elementor-section-height-default elementor-section-height-default\" data-eae-slider=\"37785\" data-id=\"566b1cc\" data-element_type=\"section\" data-e-type=\"section\">\n\t\t\t\t\t\t\t<div class=\"elementor-background-overlay\"><\/div>\n\t\t\t\t\t\t\t<div class=\"elementor-container elementor-column-gap-default\">\n\t\t\t\t\t<div class=\"has_eae_slider elementor-column elementor-col-50 elementor-top-column elementor-element elementor-element-80bc22d\" data-eae-slider=\"5004\" data-id=\"80bc22d\" data-element_type=\"column\" data-e-type=\"column\">\n\t\t\t<div class=\"elementor-widget-wrap elementor-element-populated\">\n\t\t\t\t\t\t<div class=\"elementor-element elementor-element-2000e7e elementor-widget elementor-widget-heading\" data-id=\"2000e7e\" data-element_type=\"widget\" data-e-type=\"widget\" data-widget_type=\"heading.default\">\n\t\t\t\t<div class=\"elementor-widget-container\">\n\t\t\t\t\t<h2 class=\"elementor-heading-title elementor-size-default\">Documento PLADECO<br>2015 - 2019<\/h2>\t\t\t\t<\/div>\n\t\t\t\t<\/div>\n\t\t\t\t<div class=\"elementor-element elementor-element-2c4c331 elementor-widget elementor-widget-image\" data-id=\"2c4c331\" data-element_type=\"widget\" data-e-type=\"widget\" data-widget_type=\"image.default\">\n\t\t\t\t<div class=\"elementor-widget-container\">\n\t\t\t\t\t\t\t\t\t\t\t\t\t\t\t\t<a href=\"https:\/\/www.munimacul.cl\/portalnv\/wp-content\/uploads\/2025\/01\/PLADECO-2015.pdf\" target=\"_blank\">\n\t\t\t\t\t\t\t<img loading=\"lazy\" decoding=\"async\" width=\"2411\" height=\"2411\" src=\"https:\/\/www.munimacul.cl\/portalnv\/wp-content\/uploads\/2019\/08\/PLADECO-2015.jpg\" class=\"attachment-full size-full wp-image-1324\" alt=\"\" srcset=\"https:\/\/www.munimacul.cl\/portalnv\/wp-content\/uploads\/2019\/08\/PLADECO-2015.jpg 2411w, https:\/\/www.munimacul.cl\/portalnv\/wp-content\/uploads\/2019\/08\/PLADECO-2015-150x150.jpg 150w, https:\/\/www.munimacul.cl\/portalnv\/wp-content\/uploads\/2019\/08\/PLADECO-2015-300x300.jpg 300w, https:\/\/www.munimacul.cl\/portalnv\/wp-content\/uploads\/2019\/08\/PLADECO-2015-768x768.jpg 768w, https:\/\/www.munimacul.cl\/portalnv\/wp-content\/uploads\/2019\/08\/PLADECO-2015-1024x1024.jpg 1024w\" sizes=\"auto, (max-width: 2411px) 100vw, 2411px\" \/>\t\t\t\t\t\t\t\t<\/a>\n\t\t\t\t\t\t\t\t\t\t\t\t\t\t\t<\/div>\n\t\t\t\t<\/div>\n\t\t\t\t\t<\/div>\n\t\t<\/div>\n\t\t\t\t<div class=\"has_eae_slider elementor-column elementor-col-50 elementor-top-column elementor-element elementor-element-133ff63\" data-eae-slider=\"89463\" data-id=\"133ff63\" data-element_type=\"column\" data-e-type=\"column\">\n\t\t\t<div class=\"elementor-widget-wrap elementor-element-populated\">\n\t\t\t\t\t\t<div class=\"elementor-element elementor-element-1ff2004 elementor-widget elementor-widget-heading\" data-id=\"1ff2004\" data-element_type=\"widget\" data-e-type=\"widget\" data-widget_type=\"heading.default\">\n\t\t\t\t<div class=\"elementor-widget-container\">\n\t\t\t\t\t<h2 class=\"elementor-heading-title elementor-size-default\">Documento PLADECO<br>2020 - 2026<\/h2>\t\t\t\t<\/div>\n\t\t\t\t<\/div>\n\t\t\t\t<div class=\"elementor-element elementor-element-c5f9099 elementor-widget elementor-widget-image\" data-id=\"c5f9099\" data-element_type=\"widget\" data-e-type=\"widget\" data-widget_type=\"image.default\">\n\t\t\t\t<div class=\"elementor-widget-container\">\n\t\t\t\t\t\t\t\t\t\t\t\t\t\t\t\t<a href=\"https:\/\/www.munimacul.cl\/portalnv\/wp-content\/uploads\/2023\/03\/PLADECO-2020-2026.pdf\" target=\"_blank\">\n\t\t\t\t\t\t\t<img loading=\"lazy\" decoding=\"async\" width=\"1024\" height=\"1024\" src=\"https:\/\/www.munimacul.cl\/portalnv\/wp-content\/uploads\/2019\/08\/Logo-Pladeco-1024x1024.png\" class=\"attachment-large size-large wp-image-1323\" alt=\"\" srcset=\"https:\/\/www.munimacul.cl\/portalnv\/wp-content\/uploads\/2019\/08\/Logo-Pladeco-1024x1024.png 1024w, https:\/\/www.munimacul.cl\/portalnv\/wp-content\/uploads\/2019\/08\/Logo-Pladeco-150x150.png 150w, https:\/\/www.munimacul.cl\/portalnv\/wp-content\/uploads\/2019\/08\/Logo-Pladeco-300x300.png 300w, https:\/\/www.munimacul.cl\/portalnv\/wp-content\/uploads\/2019\/08\/Logo-Pladeco-768x768.png 768w\" sizes=\"auto, (max-width: 1024px) 100vw, 1024px\" \/>\t\t\t\t\t\t\t\t<\/a>\n\t\t\t\t\t\t\t\t\t\t\t\t\t\t\t<\/div>\n\t\t\t\t<\/div>\n\t\t\t\t\t<\/div>\n\t\t<\/div>\n\t\t\t\t\t<\/div>\n\t\t<\/section>\n\t\t\t\t<\/div>\n\t\t","protected":false},"excerpt":{"rendered":"<p>PLAN COMUNAL DE DESARROLLO \/ PLADECO El Plan Comunal de Desarrollo, PLADECO, tal como aparece mencionado en la Ley N\u00b0 19.695 Org\u00e1nica Constitucional de Municipalidades, es uno de los instrumentos de planificaci\u00f3n comunal con que cuentan los municipios junto al Plan Regulador y la elaboraci\u00f3n del Presupuesto Municipal. De acuerdo a la Ley antes mencionada, &#8230; <\/p>\n<p class=\"read-more-container\"><a title=\"PLADECO\" class=\"read-more button\" href=\"https:\/\/www.munimacul.cl\/portalnv\/index.php\/pladeco\/#more-40185\" aria-label=\"Leer m\u00e1s sobre PLADECO\">Read more<\/a><\/p>\n","protected":false},"author":1,"featured_media":0,"parent":0,"menu_order":0,"comment_status":"closed","ping_status":"closed","template":"","meta":{"footnotes":""},"class_list":["post-40185","page","type-page","status-publish"],"_links":{"self":[{"href":"https:\/\/www.munimacul.cl\/portalnv\/index.php\/wp-json\/wp\/v2\/pages\/40185","targetHints":{"allow":["GET"]}}],"collection":[{"href":"https:\/\/www.munimacul.cl\/portalnv\/index.php\/wp-json\/wp\/v2\/pages"}],"about":[{"href":"https:\/\/www.munimacul.cl\/portalnv\/index.php\/wp-json\/wp\/v2\/types\/page"}],"author":[{"embeddable":true,"href":"https:\/\/www.munimacul.cl\/portalnv\/index.php\/wp-json\/wp\/v2\/users\/1"}],"replies":[{"embeddable":true,"href":"https:\/\/www.munimacul.cl\/portalnv\/index.php\/wp-json\/wp\/v2\/comments?post=40185"}],"version-history":[{"count":20,"href":"https:\/\/www.munimacul.cl\/portalnv\/index.php\/wp-json\/wp\/v2\/pages\/40185\/revisions"}],"predecessor-version":[{"id":40216,"href":"https:\/\/www.munimacul.cl\/portalnv\/index.php\/wp-json\/wp\/v2\/pages\/40185\/revisions\/40216"}],"wp:attachment":[{"href":"https:\/\/www.munimacul.cl\/portalnv\/index.php\/wp-json\/wp\/v2\/media?parent=40185"}],"curies":[{"name":"wp","href":"https:\/\/api.w.org\/{rel}","templated":true}]}}