{"id":438,"date":"2019-05-17T13:44:41","date_gmt":"2019-05-17T17:44:41","guid":{"rendered":"http:\/\/www.munimacul.cl\/portalnv\/?page_id=438"},"modified":"2025-09-22T17:07:31","modified_gmt":"2025-09-22T20:07:31","slug":"administracion-municipal","status":"publish","type":"page","link":"https:\/\/www.munimacul.cl\/portalnv\/index.php\/administracion-municipal\/","title":{"rendered":"Administraci\u00f3n Municipal"},"content":{"rendered":"\t\t<div data-elementor-type=\"wp-post\" data-elementor-id=\"438\" class=\"elementor elementor-438\" data-elementor-post-type=\"page\">\n\t\t\t\t\t\t<section class=\"has_eae_slider elementor-section elementor-top-section elementor-element elementor-element-9af8be9 elementor-section-boxed elementor-section-height-default elementor-section-height-default\" data-eae-slider=\"94429\" data-id=\"9af8be9\" data-element_type=\"section\" data-e-type=\"section\" data-settings=\"{&quot;background_background&quot;:&quot;classic&quot;}\">\n\t\t\t\t\t\t<div class=\"elementor-container elementor-column-gap-default\">\n\t\t\t\t\t<div class=\"has_eae_slider elementor-column elementor-col-100 elementor-top-column elementor-element elementor-element-2de21d8\" data-eae-slider=\"1858\" data-id=\"2de21d8\" data-element_type=\"column\" data-e-type=\"column\" data-settings=\"{&quot;background_background&quot;:&quot;classic&quot;}\">\n\t\t\t<div class=\"elementor-widget-wrap elementor-element-populated\">\n\t\t\t\t\t\t<div class=\"elementor-element elementor-element-a385402 elementor-widget elementor-widget-heading\" data-id=\"a385402\" data-element_type=\"widget\" data-e-type=\"widget\" data-widget_type=\"heading.default\">\n\t\t\t\t<div class=\"elementor-widget-container\">\n\t\t\t\t\t<h2 class=\"elementor-heading-title elementor-size-default\">ADMINISTRACI\u00d3N MUNICIPAL<\/h2>\t\t\t\t<\/div>\n\t\t\t\t<\/div>\n\t\t\t\t\t<\/div>\n\t\t<\/div>\n\t\t\t\t\t<\/div>\n\t\t<\/section>\n\t\t\t\t<section class=\"has_eae_slider elementor-section elementor-top-section elementor-element elementor-element-d5b470d elementor-section-boxed elementor-section-height-default elementor-section-height-default\" data-eae-slider=\"23900\" data-id=\"d5b470d\" data-element_type=\"section\" data-e-type=\"section\">\n\t\t\t\t\t\t\t<div class=\"elementor-background-overlay\"><\/div>\n\t\t\t\t\t\t\t<div class=\"elementor-container elementor-column-gap-default\">\n\t\t\t\t\t<div class=\"has_eae_slider elementor-column elementor-col-100 elementor-top-column elementor-element elementor-element-82fad3a\" data-eae-slider=\"2272\" data-id=\"82fad3a\" data-element_type=\"column\" data-e-type=\"column\">\n\t\t\t<div class=\"elementor-widget-wrap elementor-element-populated\">\n\t\t\t\t\t\t<div class=\"elementor-element elementor-element-f36651c elementor-widget elementor-widget-text-editor\" data-id=\"f36651c\" data-element_type=\"widget\" data-e-type=\"widget\" data-widget_type=\"text-editor.default\">\n\t\t\t\t<div class=\"elementor-widget-container\">\n\t\t\t\t\t\t\t\t\t<p>Son funciones del Administrador Municipal:<\/p><p><b>1.- <\/b>Coordinar la acci\u00f3n de todas las unidades municipales, a fin de obtener con el menor costo y en el m\u00e1s breve plazo, se cumplan las tareas a desarrollar para el cumplimiento de los objetivos propios del Municipio. Para tales casos deber\u00e1:<\/p><p>\u00a0 \u00a0 \u00a0<b>a) <\/b>Velar por que se cumplan adecuadamente la gesti\u00f3n y ejecuci\u00f3n t\u00e9cnica de las pol\u00edticas, planes y programas de la Municipalidad.<br \/>\u00a0 \u00a0 \u00a0<b>b) <\/b>Ejercer adem\u00e1s, las funciones propias del Alcalde que por este acto se encomiendan:<\/p><p>\u00a0 \u00a0 \u00a0 \u00a0 \u00a0 &#8211; Dictar resoluciones obligatorias de car\u00e1cter general o particular, ajust\u00e1ndose a la Ley y Reglamentaci\u00f3n que corresponda en cada caso, debiendo requerir el Visto Bueno de la Asesor\u00eda Jur\u00eddica que establecer\u00e1 que el acto se ajusta a derecho.<br \/>\u00a0 \u00a0 \u00a0 \u00a0 \u00a0 &#8211; Coordinar el funcionamiento de la Municipalidad con los \u00f3rganos de la Administraci\u00f3n del Estado que corresponda.<br \/>\u00a0 \u00a0 \u00a0 \u00a0 \u00a0 &#8211; Coordinar con los Servicios P\u00fablicos la acci\u00f3n de \u00e9stos en el territorio de la Comuna.<br \/>\u00a0 \u00a0 \u00a0 \u00a0 \u00a0 &#8211; Establecer los procedimientos para las principales rutinas administrativas de las unidades operativas.<br \/>\u00a0 \u00a0 \u00a0 \u00a0 \u00a0 &#8211; Estudiar y actualizar los manuales de organizaci\u00f3n y procedimientos.<br \/>\u00a0 \u00a0 \u00a0 \u00a0 \u00a0 &#8211; Solicitar a la Direcci\u00f3n de Control las auditor\u00edas que estime necesario ejecutar.<br \/>\u00a0 \u00a0 \u00a0 \u00a0 \u00a0 &#8211; Autorizar o rechazar las horas extraordinarias solicitadas por las unidades municipales.<br \/>\u00a0 \u00a0 \u00a0 \u00a0 \u00a0 &#8211; Firmar los Decretos de Pago que emita la Direcci\u00f3n de Finanzas.<br \/>\u00a0 \u00a0 \u00a0 \u00a0 \u00a0 &#8211; Autorizar la circulaci\u00f3n de veh\u00edculos municipales fuera de los d\u00edas y horas de trabajo, cuando se requiera para el cumplimiento de las funciones municipales.<br \/>\u00a0 \u00a0 \u00a0 \u00a0 \u00a0 &#8211; Presidir el Comit\u00e9 T\u00e9cnico Administrativo.<\/p><p>\u00a0 \u00a0 \u00a0<b>c) <\/b>Proponer al Alcalde la organizaci\u00f3n interna del Municipio y sus modificaciones.<br \/>\u00a0 \u00a0 \u00a0<b>d) <\/b>Ejercer toda facultad o funci\u00f3n que le sea delegada y\/o encomendada por el Alcalde.<\/p><p><b>2.- <\/b>Dem\u00e1s funciones que le encomiende el Alcalde.<\/p><p>La Administraci\u00f3n Municipal tiene a su cargo, la Oficina de Transparencia y la Oficina de Gesti\u00f3n de Control Municipal.<\/p>\t\t\t\t\t\t\t\t<\/div>\n\t\t\t\t<\/div>\n\t\t\t\t\t<\/div>\n\t\t<\/div>\n\t\t\t\t\t<\/div>\n\t\t<\/section>\n\t\t\t\t<\/div>\n\t\t","protected":false},"excerpt":{"rendered":"<p>ADMINISTRACI\u00d3N MUNICIPAL Son funciones del Administrador Municipal: 1.- Coordinar la acci\u00f3n de todas las unidades municipales, a fin de obtener con el menor costo y en el m\u00e1s breve plazo, se cumplan las tareas a desarrollar para el cumplimiento de los objetivos propios del Municipio. Para tales casos deber\u00e1: \u00a0 \u00a0 \u00a0a) Velar por que &#8230; <\/p>\n<p class=\"read-more-container\"><a title=\"Administraci\u00f3n Municipal\" class=\"read-more button\" href=\"https:\/\/www.munimacul.cl\/portalnv\/index.php\/administracion-municipal\/#more-438\" aria-label=\"Leer m\u00e1s sobre Administraci\u00f3n Municipal\">Read more<\/a><\/p>\n","protected":false},"author":1,"featured_media":0,"parent":0,"menu_order":0,"comment_status":"closed","ping_status":"closed","template":"","meta":{"footnotes":""},"class_list":["post-438","page","type-page","status-publish"],"_links":{"self":[{"href":"https:\/\/www.munimacul.cl\/portalnv\/index.php\/wp-json\/wp\/v2\/pages\/438","targetHints":{"allow":["GET"]}}],"collection":[{"href":"https:\/\/www.munimacul.cl\/portalnv\/index.php\/wp-json\/wp\/v2\/pages"}],"about":[{"href":"https:\/\/www.munimacul.cl\/portalnv\/index.php\/wp-json\/wp\/v2\/types\/page"}],"author":[{"embeddable":true,"href":"https:\/\/www.munimacul.cl\/portalnv\/index.php\/wp-json\/wp\/v2\/users\/1"}],"replies":[{"embeddable":true,"href":"https:\/\/www.munimacul.cl\/portalnv\/index.php\/wp-json\/wp\/v2\/comments?post=438"}],"version-history":[{"count":33,"href":"https:\/\/www.munimacul.cl\/portalnv\/index.php\/wp-json\/wp\/v2\/pages\/438\/revisions"}],"predecessor-version":[{"id":43213,"href":"https:\/\/www.munimacul.cl\/portalnv\/index.php\/wp-json\/wp\/v2\/pages\/438\/revisions\/43213"}],"wp:attachment":[{"href":"https:\/\/www.munimacul.cl\/portalnv\/index.php\/wp-json\/wp\/v2\/media?parent=438"}],"curies":[{"name":"wp","href":"https:\/\/api.w.org\/{rel}","templated":true}]}}