{"id":440,"date":"2019-05-17T13:44:41","date_gmt":"2019-05-17T17:44:41","guid":{"rendered":"http:\/\/www.munimacul.cl\/portalnv\/?page_id=440"},"modified":"2025-01-27T09:21:42","modified_gmt":"2025-01-27T12:21:42","slug":"dir-de-desarrollo-comunitario-dideco","status":"publish","type":"page","link":"https:\/\/www.munimacul.cl\/portalnv\/index.php\/dir-de-desarrollo-comunitario-dideco\/","title":{"rendered":"Dir. de Desarrollo Comunitario DIDECO"},"content":{"rendered":"\t\t<div data-elementor-type=\"wp-post\" data-elementor-id=\"440\" class=\"elementor elementor-440\" data-elementor-post-type=\"page\">\n\t\t\t\t\t\t<section class=\"has_eae_slider elementor-section elementor-top-section elementor-element elementor-element-6cd9736 elementor-section-boxed elementor-section-height-default elementor-section-height-default\" data-eae-slider=\"54528\" data-id=\"6cd9736\" data-element_type=\"section\" data-e-type=\"section\" data-settings=\"{&quot;background_background&quot;:&quot;classic&quot;}\">\n\t\t\t\t\t\t<div class=\"elementor-container elementor-column-gap-default\">\n\t\t\t\t\t<div class=\"has_eae_slider elementor-column elementor-col-100 elementor-top-column elementor-element elementor-element-15b4e72\" data-eae-slider=\"10025\" data-id=\"15b4e72\" data-element_type=\"column\" data-e-type=\"column\">\n\t\t\t<div class=\"elementor-widget-wrap elementor-element-populated\">\n\t\t\t\t\t\t<div class=\"elementor-element elementor-element-31ad049 elementor-widget elementor-widget-heading\" data-id=\"31ad049\" data-element_type=\"widget\" data-e-type=\"widget\" data-widget_type=\"heading.default\">\n\t\t\t\t<div class=\"elementor-widget-container\">\n\t\t\t\t\t<h2 class=\"elementor-heading-title elementor-size-default\">DIRECCI\u00d3N DE DESARROLLO COMUNITARIO \/ DIDECO<\/h2>\t\t\t\t<\/div>\n\t\t\t\t<\/div>\n\t\t\t\t\t<\/div>\n\t\t<\/div>\n\t\t\t\t\t<\/div>\n\t\t<\/section>\n\t\t\t\t<section class=\"has_eae_slider elementor-section elementor-top-section elementor-element elementor-element-99bfa62 elementor-section-boxed elementor-section-height-default elementor-section-height-default\" data-eae-slider=\"37094\" data-id=\"99bfa62\" data-element_type=\"section\" data-e-type=\"section\">\n\t\t\t\t\t\t\t<div class=\"elementor-background-overlay\"><\/div>\n\t\t\t\t\t\t\t<div class=\"elementor-container elementor-column-gap-default\">\n\t\t\t\t\t<div class=\"has_eae_slider elementor-column elementor-col-100 elementor-top-column elementor-element elementor-element-a2faa8c\" data-eae-slider=\"98031\" data-id=\"a2faa8c\" data-element_type=\"column\" data-e-type=\"column\">\n\t\t\t<div class=\"elementor-widget-wrap elementor-element-populated\">\n\t\t\t\t\t\t<div class=\"elementor-element elementor-element-075d005 elementor-widget elementor-widget-text-editor\" data-id=\"075d005\" data-element_type=\"widget\" data-e-type=\"widget\" data-widget_type=\"text-editor.default\">\n\t\t\t\t<div class=\"elementor-widget-container\">\n\t\t\t\t\t\t\t\t\t<p>La Direcci\u00f3n de Desarrollo Comunitario es una unidad de dependencia directa del Alcalde.<\/p>\n<p>El objetivo fundamental de esta unidad es la Promoci\u00f3n del Desarrollo Comunitario, asesorando al Alcalde y al Concejo Municipal en la promoci\u00f3n, dise\u00f1o, ejecuci\u00f3n y evaluaci\u00f3n de Pol\u00edticas de Desarrollo Comunitario, en los \u00e1mbitos de la Asistencia Social; Promoci\u00f3n del Empleo; Capacitaci\u00f3n, Educaci\u00f3n, Vivienda y H\u00e1bitat, Asistencia T\u00e9cnica a Organizaciones Comunitarias; Protecci\u00f3n del Medio Ambiente; Salud P\u00fablica; Cultura; Deporte y Recreaci\u00f3n. Las funciones y atribuciones de la Direcci\u00f3n de Desarrollo Comunitario son:<\/p>\n<p><b>1.- <\/b>Asesorar al Alcalde y Concejo Municipal en la promoci\u00f3n del Desarrollo Comunitario:<\/p>\n<p>&nbsp; &nbsp; &nbsp;&#8211; Colaborar en la formulaci\u00f3n del Plan de Desarrollo Comunal.<br>&nbsp; &nbsp; &nbsp;&#8211; Dise\u00f1ar, ejecutar y evaluar proyectos de desarrollo comunitario sobre la base de las necesidades y potencialidades tanto de la comunidad, como del Municipio.<br>&nbsp; &nbsp; &nbsp;&#8211; Emitir informes solicitados por el Alcalde, sobre materias de competencia de la Direcci\u00f3n.<\/p>\n<p><b>2.-<\/b> Promover y ejecutar cuando corresponda medidas tendientes a materializar acciones relacionadas con la Asistencia Social; Promoci\u00f3n del empleo; Capacitaci\u00f3n; Educaci\u00f3n; Protecci\u00f3n del Medio Ambiente; Salud P\u00fablica; asesor\u00eda t\u00e9cnica a organizaciones comunitarias.<\/p>\n<p>&nbsp; &nbsp; &nbsp;&#8211; Dise\u00f1ar, administrar, evaluar y supervisar proyectos sociales propios de la Municipalidad, orientados al Desarrollo Comunitario en el marco del Plan de Desarrollo Comunal; y Programas de Gobierno Central en esta \u00e1rea.<br>&nbsp; &nbsp; &nbsp;&#8211; Mantener un registro actualizado de los programas y proyectos relativos al \u00e1rea de competencia de la Direcci\u00f3n que se encuentren en desarrollo en la Comuna, desde organismos de Gobiernos Centrales y\/o locales.<br>&nbsp; &nbsp; &nbsp;&#8211; Coordinar con instancias p\u00fablicas o privadas; locales o centrales el desarrollo de programas espec\u00edficos implementados en la Comuna.<br>&nbsp; &nbsp; &nbsp;&#8211; Enviar los informes que requieren los organismos p\u00fablicos sobre el desarrollo de estos planes y programas.<\/p>\n<p><b>3.-<\/b> Promover la coordinaci\u00f3n permanente de las unidades que dependen de la Direcci\u00f3n y participar de las instancias de coordinaci\u00f3n municipal y\/o comunal que corresponda.<\/p>\n<p><b>4.-<\/b> Dirigir, Evaluar y supervisar el trabajo encomendado a unidades y personal bajo su dependencia.<\/p>\n<p><b>5.- <\/b>Cumplir otras funciones que la jefatura le encomiende en el marco de la normativa vigente.<\/p>\t\t\t\t\t\t\t\t<\/div>\n\t\t\t\t<\/div>\n\t\t\t\t\t<\/div>\n\t\t<\/div>\n\t\t\t\t\t<\/div>\n\t\t<\/section>\n\t\t\t\t<\/div>\n\t\t","protected":false},"excerpt":{"rendered":"<p>DIRECCI\u00d3N DE DESARROLLO COMUNITARIO \/ DIDECO La Direcci\u00f3n de Desarrollo Comunitario es una unidad de dependencia directa del Alcalde. El objetivo fundamental de esta unidad es la Promoci\u00f3n del Desarrollo Comunitario, asesorando al Alcalde y al Concejo Municipal en la promoci\u00f3n, dise\u00f1o, ejecuci\u00f3n y evaluaci\u00f3n de Pol\u00edticas de Desarrollo Comunitario, en los \u00e1mbitos de la &#8230; <\/p>\n<p class=\"read-more-container\"><a title=\"Dir. de Desarrollo Comunitario DIDECO\" class=\"read-more button\" href=\"https:\/\/www.munimacul.cl\/portalnv\/index.php\/dir-de-desarrollo-comunitario-dideco\/#more-440\" aria-label=\"Leer m\u00e1s sobre Dir. de Desarrollo Comunitario DIDECO\">Read more<\/a><\/p>\n","protected":false},"author":1,"featured_media":0,"parent":0,"menu_order":0,"comment_status":"closed","ping_status":"closed","template":"","meta":{"footnotes":""},"class_list":["post-440","page","type-page","status-publish"],"_links":{"self":[{"href":"https:\/\/www.munimacul.cl\/portalnv\/index.php\/wp-json\/wp\/v2\/pages\/440","targetHints":{"allow":["GET"]}}],"collection":[{"href":"https:\/\/www.munimacul.cl\/portalnv\/index.php\/wp-json\/wp\/v2\/pages"}],"about":[{"href":"https:\/\/www.munimacul.cl\/portalnv\/index.php\/wp-json\/wp\/v2\/types\/page"}],"author":[{"embeddable":true,"href":"https:\/\/www.munimacul.cl\/portalnv\/index.php\/wp-json\/wp\/v2\/users\/1"}],"replies":[{"embeddable":true,"href":"https:\/\/www.munimacul.cl\/portalnv\/index.php\/wp-json\/wp\/v2\/comments?post=440"}],"version-history":[{"count":52,"href":"https:\/\/www.munimacul.cl\/portalnv\/index.php\/wp-json\/wp\/v2\/pages\/440\/revisions"}],"predecessor-version":[{"id":39793,"href":"https:\/\/www.munimacul.cl\/portalnv\/index.php\/wp-json\/wp\/v2\/pages\/440\/revisions\/39793"}],"wp:attachment":[{"href":"https:\/\/www.munimacul.cl\/portalnv\/index.php\/wp-json\/wp\/v2\/media?parent=440"}],"curies":[{"name":"wp","href":"https:\/\/api.w.org\/{rel}","templated":true}]}}