{"id":441,"date":"2019-05-17T13:44:41","date_gmt":"2019-05-17T17:44:41","guid":{"rendered":"http:\/\/www.munimacul.cl\/portalnv\/?page_id=441"},"modified":"2025-01-27T09:22:26","modified_gmt":"2025-01-27T12:22:26","slug":"direccion-de-control","status":"publish","type":"page","link":"https:\/\/www.munimacul.cl\/portalnv\/index.php\/direccion-de-control\/","title":{"rendered":"Direcci\u00f3n de Control"},"content":{"rendered":"\t\t<div data-elementor-type=\"wp-post\" data-elementor-id=\"441\" class=\"elementor elementor-441\" data-elementor-post-type=\"page\">\n\t\t\t\t\t\t<section class=\"has_eae_slider elementor-section elementor-top-section elementor-element elementor-element-a830ade elementor-section-boxed elementor-section-height-default elementor-section-height-default\" data-eae-slider=\"46864\" data-id=\"a830ade\" data-element_type=\"section\" data-e-type=\"section\">\n\t\t\t\t\t\t<div class=\"elementor-container elementor-column-gap-default\">\n\t\t\t\t\t<div class=\"has_eae_slider elementor-column elementor-col-100 elementor-top-column elementor-element elementor-element-8958fb1\" data-eae-slider=\"37848\" data-id=\"8958fb1\" data-element_type=\"column\" data-e-type=\"column\" data-settings=\"{&quot;background_background&quot;:&quot;classic&quot;}\">\n\t\t\t<div class=\"elementor-widget-wrap elementor-element-populated\">\n\t\t\t\t\t\t<div class=\"elementor-element elementor-element-aec55b1 elementor-widget elementor-widget-heading\" data-id=\"aec55b1\" data-element_type=\"widget\" data-e-type=\"widget\" data-widget_type=\"heading.default\">\n\t\t\t\t<div class=\"elementor-widget-container\">\n\t\t\t\t\t<h2 class=\"elementor-heading-title elementor-size-default\">DIRECCI\u00d3N DE CONTROL<\/h2>\t\t\t\t<\/div>\n\t\t\t\t<\/div>\n\t\t\t\t\t<\/div>\n\t\t<\/div>\n\t\t\t\t\t<\/div>\n\t\t<\/section>\n\t\t\t\t<section class=\"has_eae_slider elementor-section elementor-top-section elementor-element elementor-element-8d28f63 elementor-section-boxed elementor-section-height-default elementor-section-height-default\" data-eae-slider=\"35810\" data-id=\"8d28f63\" data-element_type=\"section\" data-e-type=\"section\">\n\t\t\t\t\t\t\t<div class=\"elementor-background-overlay\"><\/div>\n\t\t\t\t\t\t\t<div class=\"elementor-container elementor-column-gap-default\">\n\t\t\t\t\t<div class=\"has_eae_slider elementor-column elementor-col-100 elementor-top-column elementor-element elementor-element-bae3240\" data-eae-slider=\"1394\" data-id=\"bae3240\" data-element_type=\"column\" data-e-type=\"column\">\n\t\t\t<div class=\"elementor-widget-wrap elementor-element-populated\">\n\t\t\t\t\t\t<div class=\"elementor-element elementor-element-c6b9298 elementor-widget elementor-widget-text-editor\" data-id=\"c6b9298\" data-element_type=\"widget\" data-e-type=\"widget\" data-widget_type=\"text-editor.default\">\n\t\t\t\t<div class=\"elementor-widget-container\">\n\t\t\t\t\t\t\t\t\t<p>\u00a0<\/p><p>La Direcci\u00f3n de Control depende jer\u00e1rquicamente del Alcalde y tiene el car\u00e1cter de contralor de todas las unidades municipales y asesora del Concejo Municipal.<\/p><p>La Direcci\u00f3n de Control tiene por objeto verificar y controlar la legalidad en el cumplimiento de los objetivos, planes y programas del Municipio, tomando en consideraci\u00f3n las instrucciones t\u00e9cnicas de la Contralor\u00eda General de la Rep\u00fablica y las disposiciones legales y reglamentarias vigentes, promoviendo el correcto funcionamiento del Municipio, como asimismo salvaguardar el patrimonio municipal.<\/p><p>La Direcci\u00f3n de Control tiene a su cargo las siguientes funciones:<\/p><p><b>A.- <\/b>Realizar la auditoria operativa interna del Municipio o de los organismos y\/o instituciones, fundaciones o corporaciones que la Ley le encargue conel objeto de fiscalizar la legalidad de sus actuaciones.<\/p><p><b>B.- <\/b>Prestar asesor\u00eda al Alcalde y servir de \u00f3rgano de consulta para el resto de las unidades municipales en lo relativo al control interno operativo.<\/p><p><b>C.-<\/b> Evaluar dentro de sus atribuciones legales el funcionamiento administrativo del Municipio y proponer el mejoramiento de su organizaci\u00f3n o m\u00e9todos cuando corresponda.<\/p><p><b>D.- <\/b>Estudiar y proponer el uso de nuevas t\u00e9cnicas operativas y administrativas.<\/p><p><b>E.- <\/b>Analizar las instrucciones, reglamentos, manuales de organizaci\u00f3n y procedimientos, recomendando cuando proceda, su elaboraci\u00f3n o actualizaci\u00f3n.<\/p><p><b>F.-<\/b> Asesorar en la puesta en marcha de cualquier nueva funci\u00f3n o procedimiento que se establezca.<\/p><p><b>G.- <\/b>Controlar la ejecuci\u00f3n financiera y presupuestaria municipal.<\/p><p><b>H.- <\/b>Conocer todo acto municipal que tenga contenido patrimonial.<\/p><p><b>I.- <\/b>Supervisar peri\u00f3dicamente los registros e inventarios de los bienes f\u00edsicos municipales.<\/p><p><b>J.- <\/b>Controlar el cumplimiento y recomendar la actualizaci\u00f3n de los convenios y contratos que comprometan la responsabilidad y\/o bienes municipales.<\/p><p><b>K.- <\/b>Verificar el cumplimiento de los programas y el destino de las inversiones municipales.<\/p><p><b>L.- <\/b>Auditar los informes y estados financieros que la Municipalidad presente interna o externamente con relaci\u00f3n a su exactitud, oportunidad, veracidad y utilidad.<\/p><p><b>LL.- <\/b>Verificar el destino de los fondos entregados mediante subvenciones municipales.<\/p><p><b>M.- <\/b>Analizar y visar los antecedentes relativos a las bases y evaluaciones de concesiones, licitaciones p\u00fablicas y propuestas privadas.<\/p><p><b>N.- <\/b>Representar al Concejo los d\u00e9ficit que advierta en el presupuesto municipal.<\/p><p><b>\u00d1.-<\/b> Representar al Alcalde los actos municipales, cuando los estime ilegales, para cuyo efecto tendr\u00e1 acceso a toda la documentaci\u00f3n pertinente.<\/p><p><b>O.- <\/b>Efectuar las dem\u00e1s auditor\u00edas que el Alcalde le se\u00f1ale.<\/p><p><b>P.- <\/b>Colaborar directamente con el Concejo para el ejercicio de sus funciones fiscalizadoras.<\/p><p><b>Q.- <\/b>Asesorar al Concejo en la definici\u00f3n y evaluaci\u00f3n de la auditor\u00eda externa que \u00e9sta requiera.<\/p><p><b>R.- <\/b>Emitir un informe trimestral acerca del estado de avance del ejercicio program\u00e1tico presupuestario.<\/p><p><b>S.- <\/b>Informar por escrito las consultas o informes que requieran los Concejales.<\/p><p><b>T.- <\/b>Cumplir con las dem\u00e1s funciones que la Ley, el Alcalde o el Concejo le encomienden.<\/p>\t\t\t\t\t\t\t\t<\/div>\n\t\t\t\t<\/div>\n\t\t\t\t\t<\/div>\n\t\t<\/div>\n\t\t\t\t\t<\/div>\n\t\t<\/section>\n\t\t\t\t<\/div>\n\t\t","protected":false},"excerpt":{"rendered":"<p>DIRECCI\u00d3N DE CONTROL \u00a0 La Direcci\u00f3n de Control depende jer\u00e1rquicamente del Alcalde y tiene el car\u00e1cter de contralor de todas las unidades municipales y asesora del Concejo Municipal. La Direcci\u00f3n de Control tiene por objeto verificar y controlar la legalidad en el cumplimiento de los objetivos, planes y programas del Municipio, tomando en consideraci\u00f3n las &#8230; <\/p>\n<p class=\"read-more-container\"><a title=\"Direcci\u00f3n de Control\" class=\"read-more button\" href=\"https:\/\/www.munimacul.cl\/portalnv\/index.php\/direccion-de-control\/#more-441\" aria-label=\"Leer m\u00e1s sobre Direcci\u00f3n de Control\">Read more<\/a><\/p>\n","protected":false},"author":1,"featured_media":0,"parent":0,"menu_order":0,"comment_status":"closed","ping_status":"closed","template":"","meta":{"footnotes":""},"class_list":["post-441","page","type-page","status-publish"],"_links":{"self":[{"href":"https:\/\/www.munimacul.cl\/portalnv\/index.php\/wp-json\/wp\/v2\/pages\/441","targetHints":{"allow":["GET"]}}],"collection":[{"href":"https:\/\/www.munimacul.cl\/portalnv\/index.php\/wp-json\/wp\/v2\/pages"}],"about":[{"href":"https:\/\/www.munimacul.cl\/portalnv\/index.php\/wp-json\/wp\/v2\/types\/page"}],"author":[{"embeddable":true,"href":"https:\/\/www.munimacul.cl\/portalnv\/index.php\/wp-json\/wp\/v2\/users\/1"}],"replies":[{"embeddable":true,"href":"https:\/\/www.munimacul.cl\/portalnv\/index.php\/wp-json\/wp\/v2\/comments?post=441"}],"version-history":[{"count":18,"href":"https:\/\/www.munimacul.cl\/portalnv\/index.php\/wp-json\/wp\/v2\/pages\/441\/revisions"}],"predecessor-version":[{"id":39796,"href":"https:\/\/www.munimacul.cl\/portalnv\/index.php\/wp-json\/wp\/v2\/pages\/441\/revisions\/39796"}],"wp:attachment":[{"href":"https:\/\/www.munimacul.cl\/portalnv\/index.php\/wp-json\/wp\/v2\/media?parent=441"}],"curies":[{"name":"wp","href":"https:\/\/api.w.org\/{rel}","templated":true}]}}