{"id":443,"date":"2019-05-17T13:44:41","date_gmt":"2019-05-17T17:44:41","guid":{"rendered":"http:\/\/www.munimacul.cl\/portalnv\/?page_id=443"},"modified":"2025-01-27T09:23:03","modified_gmt":"2025-01-27T12:23:03","slug":"direccion-juridica","status":"publish","type":"page","link":"https:\/\/www.munimacul.cl\/portalnv\/index.php\/direccion-juridica\/","title":{"rendered":"Direcci\u00f3n Jur\u00eddica"},"content":{"rendered":"\t\t<div data-elementor-type=\"wp-post\" data-elementor-id=\"443\" class=\"elementor elementor-443\" data-elementor-post-type=\"page\">\n\t\t\t\t\t\t<section class=\"has_eae_slider elementor-section elementor-top-section elementor-element elementor-element-27d647c elementor-section-boxed elementor-section-height-default elementor-section-height-default\" data-eae-slider=\"66730\" data-id=\"27d647c\" data-element_type=\"section\" data-e-type=\"section\">\n\t\t\t\t\t\t<div class=\"elementor-container elementor-column-gap-default\">\n\t\t\t\t\t<div class=\"has_eae_slider elementor-column elementor-col-100 elementor-top-column elementor-element elementor-element-e80ee4c\" data-eae-slider=\"70324\" data-id=\"e80ee4c\" data-element_type=\"column\" data-e-type=\"column\" data-settings=\"{&quot;background_background&quot;:&quot;classic&quot;}\">\n\t\t\t<div class=\"elementor-widget-wrap elementor-element-populated\">\n\t\t\t\t\t\t<div class=\"elementor-element elementor-element-a6a1ecd elementor-widget elementor-widget-heading\" data-id=\"a6a1ecd\" data-element_type=\"widget\" data-e-type=\"widget\" data-widget_type=\"heading.default\">\n\t\t\t\t<div class=\"elementor-widget-container\">\n\t\t\t\t\t<h2 class=\"elementor-heading-title elementor-size-default\">DIRECCI\u00d3N JUR\u00cdDICA<\/h2>\t\t\t\t<\/div>\n\t\t\t\t<\/div>\n\t\t\t\t\t<\/div>\n\t\t<\/div>\n\t\t\t\t\t<\/div>\n\t\t<\/section>\n\t\t\t\t<section class=\"has_eae_slider elementor-section elementor-top-section elementor-element elementor-element-4066cd7 elementor-section-boxed elementor-section-height-default elementor-section-height-default\" data-eae-slider=\"49171\" data-id=\"4066cd7\" data-element_type=\"section\" data-e-type=\"section\">\n\t\t\t\t\t\t\t<div class=\"elementor-background-overlay\"><\/div>\n\t\t\t\t\t\t\t<div class=\"elementor-container elementor-column-gap-default\">\n\t\t\t\t\t<div class=\"has_eae_slider elementor-column elementor-col-100 elementor-top-column elementor-element elementor-element-3efa3a7\" data-eae-slider=\"77530\" data-id=\"3efa3a7\" data-element_type=\"column\" data-e-type=\"column\">\n\t\t\t<div class=\"elementor-widget-wrap elementor-element-populated\">\n\t\t\t\t\t\t<div class=\"elementor-element elementor-element-960fca4 elementor-widget elementor-widget-text-editor\" data-id=\"960fca4\" data-element_type=\"widget\" data-e-type=\"widget\" data-widget_type=\"text-editor.default\">\n\t\t\t\t<div class=\"elementor-widget-container\">\n\t\t\t\t\t\t\t\t\t<p>\u00a0<\/p><p>La Direcci\u00f3n Jur\u00eddica es una Direcci\u00f3n que depende directamente del Alcalde y presta asesor\u00eda en materias de derecho a todas las unidades municipales.<\/p><p>La Direcci\u00f3n Jur\u00eddica tiene por objeto lograr una administraci\u00f3n municipal ajustada a los marcos legales existentes, asesorando a todas las unidades municipales en lo que a asuntos legales.<\/p><p>La Direcci\u00f3n Jur\u00eddica tiene a su cargo las siguientes funciones:<\/p><p><b>A.- <\/b>Iniciar y defender los juicios en que la Municipalidad sea parte o tenga inter\u00e9s y representar judicialmente a la Municipalidad cuando el Alcalde as\u00ed lo determine.<\/p><p><b>B.-<\/b> Informar en derecho los reclamos de ilegalidad que se presentan al Municipio.<\/p><p><b>C.- <\/b>Informar y recomendar las transacciones para precaver litigios eventuales o dar t\u00e9rmino a pleitos pendientes en contra de la Municipalidad.<\/p><p><b>D.- <\/b>Efectuar la cobranza administrativa y judicial de impuestos, derechos, concesiones, arriendos y dem\u00e1s cuando proceda.<\/p><p><b>E.- <\/b>Informar en derecho todos los asuntos legales que las unidades municipales le planteen.<\/p><p><b>F.- <\/b>Orientar peri\u00f3dicamente a las unidades municipales respecto de las disposiciones legales y reglamentarias pertinentes, obligaci\u00f3n que importa mantener permanentemente informados a dichos \u00f3rganos acerca de la dictaci\u00f3n, modificaci\u00f3n y derogaci\u00f3n de normas legales y reglamentarias atingentes, como asimismo, de las instrucciones que sobre dichas normas impartan los \u00f3rganos competentes.<\/p><p><b>G.-<\/b> Informar al Alcalde las deficiencias jur\u00eddicas que observe en materias municipales y proponer alternativas de soluci\u00f3n.<\/p><p><b>H.- <\/b>Formar y mantener al d\u00eda los t\u00edtulos de los bienes ra\u00edces municipales, para cuyo objeto conservar\u00e1 un expediente actualizado acerca de cada inmueble.<\/p><p><b>I.-<\/b> Efectuar, cuando lo ordene el Alcalde, las investigaciones y sumarios administrativos, como asimismo llevar el control de los procesos disciplinarios e informar al Alcalde sobre su tramitaci\u00f3n.<\/p><p><b>J.- <\/b>Visar los Decretos Alcaldicios y contratos, previo a la firma del Alcalde.<\/p><p><b>K.- <\/b>Visar Bases Administrativas para llamar a licitaci\u00f3n p\u00fablica o privada como as\u00ed las bases especiales.<\/p><p><b>L.-<\/b> Redactar los contratos, ordenanzas y decretos que el Alcalde le solicite.<\/p><p><b>LL.-<\/b> Mantener un archivo de contratos vigentes, celebrados por la municipalidad.<\/p><p><b>M.-<\/b> Realizar las gestiones necesarias para las expropiaciones que corresponda efectuar al Municipio a petici\u00f3n del Alcalde.<\/p><p><b>N.- <\/b>Llevar a cabo el proceso de contrataci\u00f3n de los seguros para los bienes muebles e inmuebles, en coordinaci\u00f3n con la Direcci\u00f3n de Administraci\u00f3n y Finanzas.<\/p><h3><b>OFICINA PENAL VECINAL<\/b><\/h3><p>La Oficina Penal Vecinal depende directamente de la Direcci\u00f3n de Asesor\u00eda Jur\u00eddica.<\/p><p>La Oficina Penal tiene como funci\u00f3n asesorar y asumir la defensa de los vecinos de escasos recursos de la Comuna, en las denuncias que se formulen ante los Juzgados del Crimen por delitos contra las personas por casos tales como robos, hurtos, asaltos, etc. y en general todos aquellos que afecten a la seguridad de los vecinos de la Comuna. Asimismo, podr\u00e1 atender a los vecinos en materias civiles, que requieran su intervenci\u00f3n, ante los Tribunales de Justicia, en Organismos P\u00fablicos de la administraci\u00f3n centralizada o descentralizada.<\/p>\t\t\t\t\t\t\t\t<\/div>\n\t\t\t\t<\/div>\n\t\t\t\t\t<\/div>\n\t\t<\/div>\n\t\t\t\t\t<\/div>\n\t\t<\/section>\n\t\t\t\t<\/div>\n\t\t","protected":false},"excerpt":{"rendered":"<p>DIRECCI\u00d3N JUR\u00cdDICA \u00a0 La Direcci\u00f3n Jur\u00eddica es una Direcci\u00f3n que depende directamente del Alcalde y presta asesor\u00eda en materias de derecho a todas las unidades municipales. La Direcci\u00f3n Jur\u00eddica tiene por objeto lograr una administraci\u00f3n municipal ajustada a los marcos legales existentes, asesorando a todas las unidades municipales en lo que a asuntos legales. La &#8230; <\/p>\n<p class=\"read-more-container\"><a title=\"Direcci\u00f3n Jur\u00eddica\" class=\"read-more button\" href=\"https:\/\/www.munimacul.cl\/portalnv\/index.php\/direccion-juridica\/#more-443\" aria-label=\"Leer m\u00e1s sobre Direcci\u00f3n Jur\u00eddica\">Read more<\/a><\/p>\n","protected":false},"author":1,"featured_media":0,"parent":0,"menu_order":0,"comment_status":"closed","ping_status":"closed","template":"","meta":{"footnotes":""},"class_list":["post-443","page","type-page","status-publish"],"_links":{"self":[{"href":"https:\/\/www.munimacul.cl\/portalnv\/index.php\/wp-json\/wp\/v2\/pages\/443","targetHints":{"allow":["GET"]}}],"collection":[{"href":"https:\/\/www.munimacul.cl\/portalnv\/index.php\/wp-json\/wp\/v2\/pages"}],"about":[{"href":"https:\/\/www.munimacul.cl\/portalnv\/index.php\/wp-json\/wp\/v2\/types\/page"}],"author":[{"embeddable":true,"href":"https:\/\/www.munimacul.cl\/portalnv\/index.php\/wp-json\/wp\/v2\/users\/1"}],"replies":[{"embeddable":true,"href":"https:\/\/www.munimacul.cl\/portalnv\/index.php\/wp-json\/wp\/v2\/comments?post=443"}],"version-history":[{"count":16,"href":"https:\/\/www.munimacul.cl\/portalnv\/index.php\/wp-json\/wp\/v2\/pages\/443\/revisions"}],"predecessor-version":[{"id":39799,"href":"https:\/\/www.munimacul.cl\/portalnv\/index.php\/wp-json\/wp\/v2\/pages\/443\/revisions\/39799"}],"wp:attachment":[{"href":"https:\/\/www.munimacul.cl\/portalnv\/index.php\/wp-json\/wp\/v2\/media?parent=443"}],"curies":[{"name":"wp","href":"https:\/\/api.w.org\/{rel}","templated":true}]}}