{"id":447,"date":"2019-05-17T13:44:41","date_gmt":"2019-05-17T17:44:41","guid":{"rendered":"http:\/\/www.munimacul.cl\/portalnv\/?page_id=447"},"modified":"2025-01-27T10:05:10","modified_gmt":"2025-01-27T13:05:10","slug":"secretaria-de-planificacion-secpla","status":"publish","type":"page","link":"https:\/\/www.munimacul.cl\/portalnv\/index.php\/secretaria-de-planificacion-secpla\/","title":{"rendered":"Secretar\u00eda de Planificaci\u00f3n SECPLA"},"content":{"rendered":"\t\t<div data-elementor-type=\"wp-post\" data-elementor-id=\"447\" class=\"elementor elementor-447\" data-elementor-post-type=\"page\">\n\t\t\t\t\t\t<section class=\"has_eae_slider elementor-section elementor-top-section elementor-element elementor-element-f2a74ea elementor-section-boxed elementor-section-height-default elementor-section-height-default\" data-eae-slider=\"75017\" data-id=\"f2a74ea\" data-element_type=\"section\" data-e-type=\"section\">\n\t\t\t\t\t\t<div class=\"elementor-container elementor-column-gap-default\">\n\t\t\t\t\t<div class=\"has_eae_slider elementor-column elementor-col-100 elementor-top-column elementor-element elementor-element-8205557\" data-eae-slider=\"84668\" data-id=\"8205557\" data-element_type=\"column\" data-e-type=\"column\" data-settings=\"{&quot;background_background&quot;:&quot;classic&quot;}\">\n\t\t\t<div class=\"elementor-widget-wrap elementor-element-populated\">\n\t\t\t\t\t\t<div class=\"elementor-element elementor-element-d050954 elementor-widget elementor-widget-heading\" data-id=\"d050954\" data-element_type=\"widget\" data-e-type=\"widget\" data-widget_type=\"heading.default\">\n\t\t\t\t<div class=\"elementor-widget-container\">\n\t\t\t\t\t<h2 class=\"elementor-heading-title elementor-size-default\">SECRETAR\u00cdA DE PLANIFICACI\u00d3N \/ SECPLA<\/h2>\t\t\t\t<\/div>\n\t\t\t\t<\/div>\n\t\t\t\t\t<\/div>\n\t\t<\/div>\n\t\t\t\t\t<\/div>\n\t\t<\/section>\n\t\t\t\t<section class=\"has_eae_slider elementor-section elementor-top-section elementor-element elementor-element-1df36a6 elementor-section-boxed elementor-section-height-default elementor-section-height-default\" data-eae-slider=\"13089\" data-id=\"1df36a6\" data-element_type=\"section\" data-e-type=\"section\">\n\t\t\t\t\t\t\t<div class=\"elementor-background-overlay\"><\/div>\n\t\t\t\t\t\t\t<div class=\"elementor-container elementor-column-gap-default\">\n\t\t\t\t\t<div class=\"has_eae_slider elementor-column elementor-col-100 elementor-top-column elementor-element elementor-element-2fdb92c\" data-eae-slider=\"16315\" data-id=\"2fdb92c\" data-element_type=\"column\" data-e-type=\"column\">\n\t\t\t<div class=\"elementor-widget-wrap elementor-element-populated\">\n\t\t\t\t\t\t<div class=\"elementor-element elementor-element-40bc566 elementor-widget elementor-widget-text-editor\" data-id=\"40bc566\" data-element_type=\"widget\" data-e-type=\"widget\" data-widget_type=\"text-editor.default\">\n\t\t\t\t<div class=\"elementor-widget-container\">\n\t\t\t\t\t\t\t\t\t<p>\u00a0<\/p><p>La Secretar\u00eda Comunal de Planificaci\u00f3n y Coordinaci\u00f3n es la unidad asesora del Alcalde y tambi\u00e9n del Concejo Municipal en las materias de estudios y evaluaci\u00f3n propias de las competencias de ambas organizaciones municipales.<\/p><p>El objetivo fundamental de la Secretar\u00eda Comunal de Planificaci\u00f3n y Coordinaci\u00f3n es servir la secretaria t\u00e9cnica permanente del Alcalde y del Concejo Municipal en materias de estudio y evaluaci\u00f3n de las pol\u00edticas, planes, programas y proyectos de desarrollo en la Comuna.<\/p><p>Las funciones de la Secretar\u00eda Comunal de Planificaci\u00f3n y Coordinaci\u00f3n ser\u00e1n las siguientes:<\/p><p><b>A.-<\/b> Servir de secretar\u00eda t\u00e9cnica permanente del Alcalde y del Concejo Municipal en la preparaci\u00f3n y coordinaci\u00f3n de las pol\u00edticas, planes, programas y proyectos de desarrollo de la Comuna de Macul.<\/p><p><b>B.-<\/b> Asesorar al Alcalde en la elaboraci\u00f3n de los proyectos del Plan Comunal de Desarrollo y del Presupuesto Municipal, para cuyo efecto deber\u00e1:<\/p><p>\u00a0 \u00a0 \u00a0<b>b-1)<\/b> Elaborar en conjunto con los Directores Municipales y mantener actualizado el Plan de Desarrollo Comunal, incluyendo los aspectos sociales, territoriales, econ\u00f3micos y presupuestarios correspondientes.<\/p><p>\u00a0 \u00a0 \u00a0<b>b-2) <\/b>Estudiar y evaluar el desarrollo de la Comuna en aspectos sociales, territoriales y econ\u00f3micos, dando origen a proyectos y programas espec\u00edficos en \u00e9stas \u00e1reas, someti\u00e9ndolos a consideraci\u00f3n del Alcalde y del Concejo Municipal en las distintas instancias de aprobaci\u00f3n del Plan Municipal de Inversiones.<\/p><p>\u00a0 \u00a0 \u00a0<b>b-3) <\/b>Elaborar, conjuntamente con la Direcci\u00f3n de Administraci\u00f3n y Finanzas, el Plan Financiero y Presupuesto Municipal conforme al Plan de Desarrollo Comunal, de manera que implementen los programas y proyectos que \u00e9ste contemple.<\/p><p>\u00a0 \u00a0 \u00a0<b>b-4) <\/b>Tomar conocimiento de las acciones y proyectos que est\u00e9n aplicando los servicios del Estado en la Comuna y, adem\u00e1s, aquellos que est\u00e1n elaborando o se vayan a elaborar, para coordinarlos con los programas y metas municipales como asimismo con aquellos del sector privado.<\/p><p><b>C.- <\/b>Elaborar la informaci\u00f3n sobre los estudios, programas y proyectos comunales de Inversi\u00f3n, necesaria para su aprobaci\u00f3n y seguimiento por parte de la Secretar\u00eda Regional Ministerial Metropolitana de Planificaci\u00f3n y concluir la tramitaci\u00f3n correspondiente.<\/p><p><b>D.- <\/b>Evaluar el cumplimiento de los planes, programas, proyectos y del presupuesto municipal en las diversas \u00e1reas e informar de ello al Alcalde y al Concejo Municipal, sometiendo a su consideraci\u00f3n las modificaciones presupuestarias que corresponda.<\/p><p><b>E.- <\/b>Efectuar an\u00e1lisis y evaluaciones permanentes de la situaci\u00f3n de desarrollo de la Comuna, con \u00e9nfasis en los aspectos sociales y territoriales.<\/p><p><b>F.- <\/b>Fomentar vinculaciones de car\u00e1cter t\u00e9cnico con los servicios p\u00fablicos, organizaciones comunitarias y el sector privado de la Comuna.<\/p><p>\u00a0 \u00a0 \u00a0<b>f-1)<\/b> Dar asistencia t\u00e9cnica en materia de planificaci\u00f3n a las reparticiones municipales y a los servicios p\u00fablicos de la Comuna que lo requieran.<\/p><p>\u00a0 \u00a0 <b>\u00a0f-2) <\/b>Coordinar la presentaci\u00f3n al Alcalde, para ser posteriormente sometidas a consideraci\u00f3n del Concejo Municipal, las solicitudes de subvenci\u00f3n dirigidas a la Municipalidad.<\/p><p>\u00a0 \u00a0 \u00a0<b>f-3) <\/b>Servir de nexo permanente con la Secretar\u00eda Ministerial Metropolitana de Planificaci\u00f3n a fin de compatibilizar los planes comunales con los programas de la Regi\u00f3n.<\/p><p><b>G.-<\/b> Recopilar y mantener informaci\u00f3n de datos comunales y regionales atingentes a sus funciones.<\/p><p><b>H.-<\/b> Cumplir las dem\u00e1s funciones que la Ley o el Alcalde le se\u00f1alen.<\/p><h3><b>DEPARTAMENTO DE ASESOR\u00cdA URBANA<\/b><\/h3><p>Adscrito a la Secretar\u00eda Comunal existir\u00eda el Asesor Urbanista cuyas funciones ser\u00e1n:<\/p><p><b>A)<\/b> Asesorar al Alcalde y al Concejo en la Promoci\u00f3n del Desarrollo Urbano.<\/p><p><b>B) <\/b>Estudiar y elaborar el Plan Regulador Comunal y mantenerlo actualizado, promoviendo las modificaciones que sean necesarios.<\/p><p><b>C) <\/b>Preparar los planes seccionales.<\/p><p><b>D)<\/b> Informar t\u00e9cnicamente las proposiciones sobre planificaci\u00f3n urbana intercomunal formuladas a la Municipalidad por la SEREMI de Vivienda y Urbanismo.<\/p><p><b>E) <\/b>Evacuar los informes t\u00e9cnicos sobre materias de planificaci\u00f3n urbana que le solicite el Alcalde, el Concejo u otra Unidad Municipal a trav\u00e9s del SECPLA.<\/p>\t\t\t\t\t\t\t\t<\/div>\n\t\t\t\t<\/div>\n\t\t\t\t\t<\/div>\n\t\t<\/div>\n\t\t\t\t\t<\/div>\n\t\t<\/section>\n\t\t\t\t<\/div>\n\t\t","protected":false},"excerpt":{"rendered":"<p>SECRETAR\u00cdA DE PLANIFICACI\u00d3N \/ SECPLA \u00a0 La Secretar\u00eda Comunal de Planificaci\u00f3n y Coordinaci\u00f3n es la unidad asesora del Alcalde y tambi\u00e9n del Concejo Municipal en las materias de estudios y evaluaci\u00f3n propias de las competencias de ambas organizaciones municipales. El objetivo fundamental de la Secretar\u00eda Comunal de Planificaci\u00f3n y Coordinaci\u00f3n es servir la secretaria t\u00e9cnica &#8230; <\/p>\n<p class=\"read-more-container\"><a title=\"Secretar\u00eda de Planificaci\u00f3n SECPLA\" class=\"read-more button\" href=\"https:\/\/www.munimacul.cl\/portalnv\/index.php\/secretaria-de-planificacion-secpla\/#more-447\" aria-label=\"Leer m\u00e1s sobre Secretar\u00eda de Planificaci\u00f3n SECPLA\">Read more<\/a><\/p>\n","protected":false},"author":1,"featured_media":0,"parent":0,"menu_order":0,"comment_status":"closed","ping_status":"closed","template":"","meta":{"footnotes":""},"class_list":["post-447","page","type-page","status-publish"],"_links":{"self":[{"href":"https:\/\/www.munimacul.cl\/portalnv\/index.php\/wp-json\/wp\/v2\/pages\/447","targetHints":{"allow":["GET"]}}],"collection":[{"href":"https:\/\/www.munimacul.cl\/portalnv\/index.php\/wp-json\/wp\/v2\/pages"}],"about":[{"href":"https:\/\/www.munimacul.cl\/portalnv\/index.php\/wp-json\/wp\/v2\/types\/page"}],"author":[{"embeddable":true,"href":"https:\/\/www.munimacul.cl\/portalnv\/index.php\/wp-json\/wp\/v2\/users\/1"}],"replies":[{"embeddable":true,"href":"https:\/\/www.munimacul.cl\/portalnv\/index.php\/wp-json\/wp\/v2\/comments?post=447"}],"version-history":[{"count":18,"href":"https:\/\/www.munimacul.cl\/portalnv\/index.php\/wp-json\/wp\/v2\/pages\/447\/revisions"}],"predecessor-version":[{"id":39805,"href":"https:\/\/www.munimacul.cl\/portalnv\/index.php\/wp-json\/wp\/v2\/pages\/447\/revisions\/39805"}],"wp:attachment":[{"href":"https:\/\/www.munimacul.cl\/portalnv\/index.php\/wp-json\/wp\/v2\/media?parent=447"}],"curies":[{"name":"wp","href":"https:\/\/api.w.org\/{rel}","templated":true}]}}