{"id":453,"date":"2019-05-17T13:44:41","date_gmt":"2019-05-17T17:44:41","guid":{"rendered":"http:\/\/www.munimacul.cl\/portalnv\/?page_id=453"},"modified":"2021-07-01T12:51:13","modified_gmt":"2021-07-01T16:51:13","slug":"farmacia-comunal","status":"publish","type":"page","link":"https:\/\/www.munimacul.cl\/portalnv\/index.php\/farmacia-comunal\/","title":{"rendered":"Farmacia Comunal"},"content":{"rendered":"\t\t<div data-elementor-type=\"wp-post\" data-elementor-id=\"453\" class=\"elementor elementor-453\" data-elementor-post-type=\"page\">\n\t\t\t\t\t\t<section class=\"has_eae_slider elementor-section elementor-top-section elementor-element elementor-element-52262cf elementor-section-boxed elementor-section-height-default elementor-section-height-default\" data-eae-slider=\"2521\" data-id=\"52262cf\" data-element_type=\"section\" data-e-type=\"section\">\n\t\t\t\t\t\t<div class=\"elementor-container elementor-column-gap-default\">\n\t\t\t\t\t<div class=\"has_eae_slider elementor-column elementor-col-100 elementor-top-column elementor-element elementor-element-2061b0b\" data-eae-slider=\"81419\" data-id=\"2061b0b\" data-element_type=\"column\" data-e-type=\"column\" data-settings=\"{&quot;background_background&quot;:&quot;classic&quot;}\">\n\t\t\t<div class=\"elementor-widget-wrap elementor-element-populated\">\n\t\t\t\t\t\t<div class=\"elementor-element elementor-element-be17710 elementor-widget elementor-widget-heading\" data-id=\"be17710\" data-element_type=\"widget\" data-e-type=\"widget\" data-widget_type=\"heading.default\">\n\t\t\t\t<div class=\"elementor-widget-container\">\n\t\t\t\t\t<h2 class=\"elementor-heading-title elementor-size-default\">FARMACIA COMUNAL DR. PATRICIO BUSTOS STREETER<\/h2>\t\t\t\t<\/div>\n\t\t\t\t<\/div>\n\t\t\t\t\t<\/div>\n\t\t<\/div>\n\t\t\t\t\t<\/div>\n\t\t<\/section>\n\t\t\t\t<section class=\"has_eae_slider elementor-section elementor-top-section elementor-element elementor-element-ae7e890 elementor-section-boxed elementor-section-height-default elementor-section-height-default\" data-eae-slider=\"26069\" data-id=\"ae7e890\" data-element_type=\"section\" data-e-type=\"section\">\n\t\t\t\t\t\t<div class=\"elementor-container elementor-column-gap-default\">\n\t\t\t\t\t<div class=\"has_eae_slider elementor-column elementor-col-50 elementor-top-column elementor-element elementor-element-67d8855\" data-eae-slider=\"67434\" data-id=\"67d8855\" data-element_type=\"column\" data-e-type=\"column\">\n\t\t\t<div class=\"elementor-widget-wrap elementor-element-populated\">\n\t\t\t\t\t\t<div class=\"elementor-element elementor-element-4bc26fe elementor-widget elementor-widget-text-editor\" data-id=\"4bc26fe\" data-element_type=\"widget\" data-e-type=\"widget\" data-widget_type=\"text-editor.default\">\n\t\t\t\t<div class=\"elementor-widget-container\">\n\t\t\t\t\t\t\t\t\t<p>Con el fin de entregarle m\u00e1s y mejores servicios a nuestros vecinos y vecinas, desde el a\u00f1o 2018 contamos con la Farmacia Comunitaria Dr. Patricio Bustos Streeter, la cual entrega precios preferenciales y accesibles para todos y todas los y las habitantes de Macul. Ubicada en Avenida Quil\u00edn 3250, afuera del Gimnasio Municipal, cuenta con medicamentos, suplementos alimenticios, bastones, aparatos ortop\u00e9dicos, entre otros.<\/p><p><b>Requisitos<\/b><\/p><p><i>&#8211; Vivir, trabajar o estudiar en Macul.<\/i><\/p><p><i>&#8211; C\u00e9dula de Identidad.<\/i><\/p><p><i>&#8211; Certificado de alumno regular vigente (si corresponde).<\/i><\/p><p><i>&#8211; Certificado Laboral (si corresponde).<\/i><\/p><p><i>&#8211; Certificado de residencia o boleta de servicios (si corresponde).<\/i><\/p><p>Si necesitas informaci\u00f3n o alg\u00fan medicamento en espec\u00edfico, puedes solicitarlo de manera presencial o al correo <b><i><u>farmaciacomunalmacul@corpomunimacul.cl<\/u><\/i><\/b><\/p><p><b><i><u>\u00a0<\/u><\/i><\/b><\/p><p><b><i><u>\u00a0<\/u><\/i><\/b><\/p>\t\t\t\t\t\t\t\t<\/div>\n\t\t\t\t<\/div>\n\t\t\t\t\t<\/div>\n\t\t<\/div>\n\t\t\t\t<div class=\"has_eae_slider elementor-column elementor-col-50 elementor-top-column elementor-element elementor-element-4ada176\" data-eae-slider=\"94006\" data-id=\"4ada176\" data-element_type=\"column\" data-e-type=\"column\">\n\t\t\t<div class=\"elementor-widget-wrap elementor-element-populated\">\n\t\t\t\t\t\t<div class=\"elementor-element elementor-element-58d6504 elementor-widget elementor-widget-image\" data-id=\"58d6504\" data-element_type=\"widget\" data-e-type=\"widget\" data-widget_type=\"image.default\">\n\t\t\t\t<div class=\"elementor-widget-container\">\n\t\t\t\t\t\t\t\t\t\t\t\t\t\t\t<img loading=\"lazy\" decoding=\"async\" width=\"1200\" height=\"1200\" src=\"https:\/\/www.munimacul.cl\/portalnv\/wp-content\/uploads\/2021\/07\/FARMACIA-COMUNAL-horarios-normales.jpg\" class=\"attachment-full size-full wp-image-11752\" alt=\"\" srcset=\"https:\/\/www.munimacul.cl\/portalnv\/wp-content\/uploads\/2021\/07\/FARMACIA-COMUNAL-horarios-normales.jpg 1200w, https:\/\/www.munimacul.cl\/portalnv\/wp-content\/uploads\/2021\/07\/FARMACIA-COMUNAL-horarios-normales-150x150.jpg 150w, https:\/\/www.munimacul.cl\/portalnv\/wp-content\/uploads\/2021\/07\/FARMACIA-COMUNAL-horarios-normales-300x300.jpg 300w, https:\/\/www.munimacul.cl\/portalnv\/wp-content\/uploads\/2021\/07\/FARMACIA-COMUNAL-horarios-normales-768x768.jpg 768w, https:\/\/www.munimacul.cl\/portalnv\/wp-content\/uploads\/2021\/07\/FARMACIA-COMUNAL-horarios-normales-1024x1024.jpg 1024w\" sizes=\"auto, (max-width: 1200px) 100vw, 1200px\" \/>\t\t\t\t\t\t\t\t\t\t\t\t\t\t\t<\/div>\n\t\t\t\t<\/div>\n\t\t\t\t\t<\/div>\n\t\t<\/div>\n\t\t\t\t\t<\/div>\n\t\t<\/section>\n\t\t\t\t<\/div>\n\t\t","protected":false},"excerpt":{"rendered":"<p>FARMACIA COMUNAL DR. PATRICIO BUSTOS STREETER Con el fin de entregarle m\u00e1s y mejores servicios a nuestros vecinos y vecinas, desde el a\u00f1o 2018 contamos con la Farmacia Comunitaria Dr. Patricio Bustos Streeter, la cual entrega precios preferenciales y accesibles para todos y todas los y las habitantes de Macul. Ubicada en Avenida Quil\u00edn 3250, &#8230; <\/p>\n<p class=\"read-more-container\"><a title=\"Farmacia Comunal\" class=\"read-more button\" href=\"https:\/\/www.munimacul.cl\/portalnv\/index.php\/farmacia-comunal\/#more-453\" aria-label=\"Leer m\u00e1s sobre Farmacia Comunal\">Read more<\/a><\/p>\n","protected":false},"author":1,"featured_media":0,"parent":0,"menu_order":0,"comment_status":"closed","ping_status":"closed","template":"","meta":{"footnotes":""},"class_list":["post-453","page","type-page","status-publish"],"_links":{"self":[{"href":"https:\/\/www.munimacul.cl\/portalnv\/index.php\/wp-json\/wp\/v2\/pages\/453","targetHints":{"allow":["GET"]}}],"collection":[{"href":"https:\/\/www.munimacul.cl\/portalnv\/index.php\/wp-json\/wp\/v2\/pages"}],"about":[{"href":"https:\/\/www.munimacul.cl\/portalnv\/index.php\/wp-json\/wp\/v2\/types\/page"}],"author":[{"embeddable":true,"href":"https:\/\/www.munimacul.cl\/portalnv\/index.php\/wp-json\/wp\/v2\/users\/1"}],"replies":[{"embeddable":true,"href":"https:\/\/www.munimacul.cl\/portalnv\/index.php\/wp-json\/wp\/v2\/comments?post=453"}],"version-history":[{"count":21,"href":"https:\/\/www.munimacul.cl\/portalnv\/index.php\/wp-json\/wp\/v2\/pages\/453\/revisions"}],"predecessor-version":[{"id":11764,"href":"https:\/\/www.munimacul.cl\/portalnv\/index.php\/wp-json\/wp\/v2\/pages\/453\/revisions\/11764"}],"wp:attachment":[{"href":"https:\/\/www.munimacul.cl\/portalnv\/index.php\/wp-json\/wp\/v2\/media?parent=453"}],"curies":[{"name":"wp","href":"https:\/\/api.w.org\/{rel}","templated":true}]}}