{"id":610,"date":"2019-05-19T01:16:23","date_gmt":"2019-05-19T05:16:23","guid":{"rendered":"http:\/\/www.munimacul.cl\/portalnv\/?page_id=610"},"modified":"2026-01-05T08:58:23","modified_gmt":"2026-01-05T11:58:23","slug":"edificio-cardenal-raul-silva-henriquez","status":"publish","type":"page","link":"https:\/\/www.munimacul.cl\/portalnv\/index.php\/edificio-cardenal-raul-silva-henriquez\/","title":{"rendered":"Edificio Cardenal Ra\u00fal Silva Henr\u00edquez"},"content":{"rendered":"\t\t<div data-elementor-type=\"wp-post\" data-elementor-id=\"610\" class=\"elementor elementor-610\" data-elementor-post-type=\"page\">\n\t\t\t\t\t\t<section class=\"has_eae_slider elementor-section elementor-top-section elementor-element elementor-element-9903eb0 elementor-section-boxed elementor-section-height-default elementor-section-height-default\" data-eae-slider=\"60763\" data-id=\"9903eb0\" data-element_type=\"section\" data-e-type=\"section\" data-settings=\"{&quot;background_background&quot;:&quot;classic&quot;}\">\n\t\t\t\t\t\t<div class=\"elementor-container elementor-column-gap-default\">\n\t\t\t\t\t<div class=\"has_eae_slider elementor-column elementor-col-100 elementor-top-column elementor-element elementor-element-448e84f\" data-eae-slider=\"36761\" data-id=\"448e84f\" data-element_type=\"column\" data-e-type=\"column\">\n\t\t\t<div class=\"elementor-widget-wrap elementor-element-populated\">\n\t\t\t\t\t\t<div class=\"elementor-element elementor-element-2af5a3e elementor-widget elementor-widget-heading\" data-id=\"2af5a3e\" data-element_type=\"widget\" data-e-type=\"widget\" data-widget_type=\"heading.default\">\n\t\t\t\t<div class=\"elementor-widget-container\">\n\t\t\t\t\t<h2 class=\"elementor-heading-title elementor-size-default\">EDIFICIO CARDENAL RA\u00daL SILVA HENR\u00cdQUEZ<\/h2>\t\t\t\t<\/div>\n\t\t\t\t<\/div>\n\t\t\t\t\t<\/div>\n\t\t<\/div>\n\t\t\t\t\t<\/div>\n\t\t<\/section>\n\t\t\t\t<section class=\"has_eae_slider elementor-section elementor-top-section elementor-element elementor-element-a4e7e3b elementor-section-boxed elementor-section-height-default elementor-section-height-default\" data-eae-slider=\"10907\" data-id=\"a4e7e3b\" data-element_type=\"section\" data-e-type=\"section\">\n\t\t\t\t\t\t<div class=\"elementor-container elementor-column-gap-default\">\n\t\t\t\t\t<div class=\"has_eae_slider elementor-column elementor-col-50 elementor-top-column elementor-element elementor-element-1683a06\" data-eae-slider=\"50947\" data-id=\"1683a06\" data-element_type=\"column\" data-e-type=\"column\">\n\t\t\t<div class=\"elementor-widget-wrap elementor-element-populated\">\n\t\t\t\t\t\t<div class=\"elementor-element elementor-element-1349621 elementor-widget elementor-widget-text-editor\" data-id=\"1349621\" data-element_type=\"widget\" data-e-type=\"widget\" data-widget_type=\"text-editor.default\">\n\t\t\t\t<div class=\"elementor-widget-container\">\n\t\t\t\t\t\t\t\t\t<p>\u00a0 \u00a0El Edificio Cardenal Ra\u00fal Silva Henr\u00edquez, ubicado en Avenida Quil\u00edn # 3248, fue inaugurado en el a\u00f1o 2004, y en \u00e9l funcionan gran parte de las reparticiones municipales, como por ejemplo la Direcci\u00f3n de Desarrollo Comunitario (DIDECO) y la Direcci\u00f3n de Tr\u00e1nsito y Transporte P\u00fablico. Adem\u00e1s, en el mismo terreno se encuentra la Oficina del Registro Civil e Identificaci\u00f3n, la cual no pertenece a la Municipalidad pero hace uso del espacio dentro del Edificio. Tambi\u00e9n se encuentra en el mismo recinto el Gimnasio Teatro Municipal y la Farmacia Comunal.<\/p><p>En la explanada del Edificio, la Municipalidad realiza gran cantidad de actividades, como las Ferias de Emprendimiento, celebraciones como el D\u00eda del Ni\u00f1o y la Ni\u00f1a, D\u00eda de la Madre, las Jornadas de Horario Extendido del Municipio, y muchas otras.<\/p><p>El edificio rinde homenaje en su nombre al Cardenal Ra\u00fal Silva Henr\u00edquez, quien se form\u00f3 en el Seminario Salesiano de nuestra comuna, y se le recuerda con una escultura que se encuentra ubicada en la explanada, la cual fue obra de los artistas de la comuna Marcelo Lira y \u00c1ngela Montero.<\/p>\t\t\t\t\t\t\t\t<\/div>\n\t\t\t\t<\/div>\n\t\t\t\t\t<\/div>\n\t\t<\/div>\n\t\t\t\t<div class=\"has_eae_slider elementor-column elementor-col-50 elementor-top-column elementor-element elementor-element-4284a4b\" data-eae-slider=\"50672\" data-id=\"4284a4b\" data-element_type=\"column\" data-e-type=\"column\">\n\t\t\t<div class=\"elementor-widget-wrap elementor-element-populated\">\n\t\t\t\t\t\t<div class=\"elementor-element elementor-element-c47bbd5 elementor-widget__width-initial elementor-widget elementor-widget-video\" data-id=\"c47bbd5\" data-element_type=\"widget\" data-e-type=\"widget\" data-settings=\"{&quot;video_type&quot;:&quot;hosted&quot;,&quot;autoplay&quot;:&quot;yes&quot;,&quot;mute&quot;:&quot;yes&quot;,&quot;loop&quot;:&quot;yes&quot;}\" data-widget_type=\"video.default\">\n\t\t\t\t<div class=\"elementor-widget-container\">\n\t\t\t\t\t\t\t<div class=\"e-hosted-video elementor-wrapper elementor-open-inline\">\n\t\t\t\t\t<video class=\"elementor-video\" src=\"https:\/\/www.munimacul.cl\/portalnv\/wp-content\/uploads\/2019\/08\/C0001.mp4\" autoplay=\"\" loop=\"\" muted=\"muted\" controlsList=\"nodownload\"><\/video>\n\t\t\t\t<\/div>\n\t\t\t\t\t\t<\/div>\n\t\t\t\t<\/div>\n\t\t\t\t\t<\/div>\n\t\t<\/div>\n\t\t\t\t\t<\/div>\n\t\t<\/section>\n\t\t\t\t<\/div>\n\t\t","protected":false},"excerpt":{"rendered":"<p>EDIFICIO CARDENAL RA\u00daL SILVA HENR\u00cdQUEZ \u00a0 \u00a0El Edificio Cardenal Ra\u00fal Silva Henr\u00edquez, ubicado en Avenida Quil\u00edn # 3248, fue inaugurado en el a\u00f1o 2004, y en \u00e9l funcionan gran parte de las reparticiones municipales, como por ejemplo la Direcci\u00f3n de Desarrollo Comunitario (DIDECO) y la Direcci\u00f3n de Tr\u00e1nsito y Transporte P\u00fablico. Adem\u00e1s, en el mismo &#8230; <\/p>\n<p class=\"read-more-container\"><a title=\"Edificio Cardenal Ra\u00fal Silva Henr\u00edquez\" class=\"read-more button\" href=\"https:\/\/www.munimacul.cl\/portalnv\/index.php\/edificio-cardenal-raul-silva-henriquez\/#more-610\" aria-label=\"Leer m\u00e1s sobre Edificio Cardenal Ra\u00fal Silva Henr\u00edquez\">Read more<\/a><\/p>\n","protected":false},"author":1,"featured_media":0,"parent":0,"menu_order":0,"comment_status":"closed","ping_status":"closed","template":"","meta":{"footnotes":""},"class_list":["post-610","page","type-page","status-publish"],"_links":{"self":[{"href":"https:\/\/www.munimacul.cl\/portalnv\/index.php\/wp-json\/wp\/v2\/pages\/610","targetHints":{"allow":["GET"]}}],"collection":[{"href":"https:\/\/www.munimacul.cl\/portalnv\/index.php\/wp-json\/wp\/v2\/pages"}],"about":[{"href":"https:\/\/www.munimacul.cl\/portalnv\/index.php\/wp-json\/wp\/v2\/types\/page"}],"author":[{"embeddable":true,"href":"https:\/\/www.munimacul.cl\/portalnv\/index.php\/wp-json\/wp\/v2\/users\/1"}],"replies":[{"embeddable":true,"href":"https:\/\/www.munimacul.cl\/portalnv\/index.php\/wp-json\/wp\/v2\/comments?post=610"}],"version-history":[{"count":26,"href":"https:\/\/www.munimacul.cl\/portalnv\/index.php\/wp-json\/wp\/v2\/pages\/610\/revisions"}],"predecessor-version":[{"id":45106,"href":"https:\/\/www.munimacul.cl\/portalnv\/index.php\/wp-json\/wp\/v2\/pages\/610\/revisions\/45106"}],"wp:attachment":[{"href":"https:\/\/www.munimacul.cl\/portalnv\/index.php\/wp-json\/wp\/v2\/media?parent=610"}],"curies":[{"name":"wp","href":"https:\/\/api.w.org\/{rel}","templated":true}]}}