{"id":611,"date":"2019-05-19T01:16:23","date_gmt":"2019-05-19T05:16:23","guid":{"rendered":"http:\/\/www.munimacul.cl\/portalnv\/?page_id=611"},"modified":"2025-03-24T09:47:49","modified_gmt":"2025-03-24T12:47:49","slug":"centro-integral-del-adulto-mayor-ciam","status":"publish","type":"page","link":"https:\/\/www.munimacul.cl\/portalnv\/index.php\/centro-integral-del-adulto-mayor-ciam\/","title":{"rendered":"Centro Integral del Adulto Mayor CIAM"},"content":{"rendered":"\t\t<div data-elementor-type=\"wp-post\" data-elementor-id=\"611\" class=\"elementor elementor-611\" data-elementor-post-type=\"page\">\n\t\t\t\t\t\t<section class=\"has_eae_slider elementor-section elementor-top-section elementor-element elementor-element-60cf39d elementor-section-boxed elementor-section-height-default elementor-section-height-default\" data-eae-slider=\"31646\" data-id=\"60cf39d\" data-element_type=\"section\" data-e-type=\"section\" data-settings=\"{&quot;background_background&quot;:&quot;classic&quot;}\">\n\t\t\t\t\t\t<div class=\"elementor-container elementor-column-gap-default\">\n\t\t\t\t\t<div class=\"has_eae_slider elementor-column elementor-col-100 elementor-top-column elementor-element elementor-element-c34fba0\" data-eae-slider=\"76780\" data-id=\"c34fba0\" data-element_type=\"column\" data-e-type=\"column\">\n\t\t\t<div class=\"elementor-widget-wrap elementor-element-populated\">\n\t\t\t\t\t\t<div class=\"elementor-element elementor-element-bc093a3 elementor-widget elementor-widget-heading\" data-id=\"bc093a3\" data-element_type=\"widget\" data-e-type=\"widget\" data-widget_type=\"heading.default\">\n\t\t\t\t<div class=\"elementor-widget-container\">\n\t\t\t\t\t<h2 class=\"elementor-heading-title elementor-size-default\">CENTRO INTEGRAL DEL ADULTO MAYOR \/ CIAM<\/h2>\t\t\t\t<\/div>\n\t\t\t\t<\/div>\n\t\t\t\t\t<\/div>\n\t\t<\/div>\n\t\t\t\t\t<\/div>\n\t\t<\/section>\n\t\t\t\t<section class=\"has_eae_slider elementor-section elementor-top-section elementor-element elementor-element-08a82c5 elementor-section-boxed elementor-section-height-default elementor-section-height-default\" data-eae-slider=\"32544\" data-id=\"08a82c5\" data-element_type=\"section\" data-e-type=\"section\">\n\t\t\t\t\t\t<div class=\"elementor-container elementor-column-gap-default\">\n\t\t\t\t\t<div class=\"has_eae_slider elementor-column elementor-col-50 elementor-top-column elementor-element elementor-element-138b967\" data-eae-slider=\"38363\" data-id=\"138b967\" data-element_type=\"column\" data-e-type=\"column\">\n\t\t\t<div class=\"elementor-widget-wrap elementor-element-populated\">\n\t\t\t\t\t\t<div class=\"elementor-element elementor-element-87303b1 elementor-skin-carousel elementor-widget elementor-widget-media-carousel\" data-id=\"87303b1\" data-element_type=\"widget\" data-e-type=\"widget\" data-settings=\"{&quot;effect&quot;:&quot;fade&quot;,&quot;skin&quot;:&quot;carousel&quot;,&quot;speed&quot;:500,&quot;autoplay&quot;:&quot;yes&quot;,&quot;autoplay_speed&quot;:5000,&quot;loop&quot;:&quot;yes&quot;,&quot;pause_on_hover&quot;:&quot;yes&quot;,&quot;space_between&quot;:{&quot;unit&quot;:&quot;px&quot;,&quot;size&quot;:10,&quot;sizes&quot;:[]},&quot;space_between_tablet&quot;:{&quot;unit&quot;:&quot;px&quot;,&quot;size&quot;:10,&quot;sizes&quot;:[]},&quot;space_between_mobile&quot;:{&quot;unit&quot;:&quot;px&quot;,&quot;size&quot;:10,&quot;sizes&quot;:[]}}\" data-widget_type=\"media-carousel.default\">\n\t\t\t\t<div class=\"elementor-widget-container\">\n\t\t\t\t\t\t\t\t\t<div class=\"elementor-swiper\">\n\t\t\t\t\t<div class=\"elementor-main-swiper swiper\" role=\"region\" aria-roledescription=\"carousel\" aria-label=\"Diapositivas\">\n\t\t\t\t<div class=\"swiper-wrapper\">\n\t\t\t\t\t\t\t\t\t\t\t<div class=\"swiper-slide\" role=\"group\" aria-roledescription=\"slide\">\n\t\t\t\t\t\t\t\t\t<div class=\"elementor-carousel-image\" role=\"img\" aria-label=\"ciam 01\" style=\"background-image: url(&#039;https:\/\/www.munimacul.cl\/portalnv\/wp-content\/uploads\/2019\/09\/ciam-01.jpg&#039;)\">\n\n\t\t\t\n\t\t\t\t\t<\/div>\n\t\t\t\t\t\t\t\t<\/div>\n\t\t\t\t\t\t\t\t\t\t\t<div class=\"swiper-slide\" role=\"group\" aria-roledescription=\"slide\">\n\t\t\t\t\t\t\t\t\t<div class=\"elementor-carousel-image\" role=\"img\" aria-label=\"ciam 04\" style=\"background-image: url(&#039;https:\/\/www.munimacul.cl\/portalnv\/wp-content\/uploads\/2019\/09\/ciam-04.jpg&#039;)\">\n\n\t\t\t\n\t\t\t\t\t<\/div>\n\t\t\t\t\t\t\t\t<\/div>\n\t\t\t\t\t\t\t\t\t\t\t<div class=\"swiper-slide\" role=\"group\" aria-roledescription=\"slide\">\n\t\t\t\t\t\t\t\t\t<div class=\"elementor-carousel-image\" role=\"img\" aria-label=\"ciam 02\" style=\"background-image: url(&#039;https:\/\/www.munimacul.cl\/portalnv\/wp-content\/uploads\/2019\/09\/ciam-02.jpg&#039;)\">\n\n\t\t\t\n\t\t\t\t\t<\/div>\n\t\t\t\t\t\t\t\t<\/div>\n\t\t\t\t\t\t\t\t\t\t\t<div class=\"swiper-slide\" role=\"group\" aria-roledescription=\"slide\">\n\t\t\t\t\t\t\t\t\t<div class=\"elementor-carousel-image\" role=\"img\" aria-label=\"ciam 06\" style=\"background-image: url(&#039;https:\/\/www.munimacul.cl\/portalnv\/wp-content\/uploads\/2019\/09\/ciam-06.jpg&#039;)\">\n\n\t\t\t\n\t\t\t\t\t<\/div>\n\t\t\t\t\t\t\t\t<\/div>\n\t\t\t\t\t\t\t\t\t<\/div>\n\t\t\t\t\t\t\t\t\t\t\t\t\t\t\t\t\t\t\t\t\t<\/div>\n\t\t\t\t<\/div>\n\t\t\t\t\t\t\t\t<\/div>\n\t\t\t\t<\/div>\n\t\t\t\t\t<\/div>\n\t\t<\/div>\n\t\t\t\t<div class=\"has_eae_slider elementor-column elementor-col-50 elementor-top-column elementor-element elementor-element-310063e\" data-eae-slider=\"23511\" data-id=\"310063e\" data-element_type=\"column\" data-e-type=\"column\">\n\t\t\t<div class=\"elementor-widget-wrap elementor-element-populated\">\n\t\t\t\t\t\t<div class=\"elementor-element elementor-element-20ffe3c elementor-widget elementor-widget-text-editor\" data-id=\"20ffe3c\" data-element_type=\"widget\" data-e-type=\"widget\" data-widget_type=\"text-editor.default\">\n\t\t\t\t<div class=\"elementor-widget-container\">\n\t\t\t\t\t\t\t\t\t<p>El Centro Integral del Adulto Mayor CIAM, ubicado en Avenida Quil\u00edn # 3675, a un costado de la Cl\u00ednica del Carmen, es un lugar de encuentro y de desarrollo de actividades enfocadas espec\u00edficamente en los Adultos Mayores de la Comuna. Se realizan distintos tipos de talleres, reuniones de Clubes de Adulto Mayor, contamos con un equipo de profesionales orientados a tem\u00e1ticas de Adulto Mayor, como por ejemplo, asesor\u00eda y atenci\u00f3n en casos de vulneraci\u00f3n de derechos, adem\u00e1s, en sus instalaciones se encuentra un Gimnasio para el Adulto Mayor y un Auditorio, en el cual se celebran diferentes tipos de eventos, desde actividades protocolares hasta los Malones del Adulto Mayor. Para mayor informaci\u00f3n sobre la extensa oferta de talleres y actividades, le invitamos a acercarse hasta el CIAM y realizar las consultas pertinentes con el equipo de profesionales que all\u00ed estar\u00e1n a vuestra disposici\u00f3n.<\/p>\t\t\t\t\t\t\t\t<\/div>\n\t\t\t\t<\/div>\n\t\t\t\t\t<\/div>\n\t\t<\/div>\n\t\t\t\t\t<\/div>\n\t\t<\/section>\n\t\t\t\t<\/div>\n\t\t","protected":false},"excerpt":{"rendered":"<p>CENTRO INTEGRAL DEL ADULTO MAYOR \/ CIAM El Centro Integral del Adulto Mayor CIAM, ubicado en Avenida Quil\u00edn # 3675, a un costado de la Cl\u00ednica del Carmen, es un lugar de encuentro y de desarrollo de actividades enfocadas espec\u00edficamente en los Adultos Mayores de la Comuna. Se realizan distintos tipos de talleres, reuniones de &#8230; <\/p>\n<p class=\"read-more-container\"><a title=\"Centro Integral del Adulto Mayor CIAM\" class=\"read-more button\" href=\"https:\/\/www.munimacul.cl\/portalnv\/index.php\/centro-integral-del-adulto-mayor-ciam\/#more-611\" aria-label=\"Leer m\u00e1s sobre Centro Integral del Adulto Mayor CIAM\">Read more<\/a><\/p>\n","protected":false},"author":1,"featured_media":0,"parent":0,"menu_order":0,"comment_status":"closed","ping_status":"closed","template":"","meta":{"footnotes":""},"class_list":["post-611","page","type-page","status-publish"],"_links":{"self":[{"href":"https:\/\/www.munimacul.cl\/portalnv\/index.php\/wp-json\/wp\/v2\/pages\/611","targetHints":{"allow":["GET"]}}],"collection":[{"href":"https:\/\/www.munimacul.cl\/portalnv\/index.php\/wp-json\/wp\/v2\/pages"}],"about":[{"href":"https:\/\/www.munimacul.cl\/portalnv\/index.php\/wp-json\/wp\/v2\/types\/page"}],"author":[{"embeddable":true,"href":"https:\/\/www.munimacul.cl\/portalnv\/index.php\/wp-json\/wp\/v2\/users\/1"}],"replies":[{"embeddable":true,"href":"https:\/\/www.munimacul.cl\/portalnv\/index.php\/wp-json\/wp\/v2\/comments?post=611"}],"version-history":[{"count":17,"href":"https:\/\/www.munimacul.cl\/portalnv\/index.php\/wp-json\/wp\/v2\/pages\/611\/revisions"}],"predecessor-version":[{"id":40729,"href":"https:\/\/www.munimacul.cl\/portalnv\/index.php\/wp-json\/wp\/v2\/pages\/611\/revisions\/40729"}],"wp:attachment":[{"href":"https:\/\/www.munimacul.cl\/portalnv\/index.php\/wp-json\/wp\/v2\/media?parent=611"}],"curies":[{"name":"wp","href":"https:\/\/api.w.org\/{rel}","templated":true}]}}